{"id":1482,"date":"2025-04-30T08:24:17","date_gmt":"2025-04-30T08:24:17","guid":{"rendered":"https:\/\/sucolo.eu\/?page_id=1482"},"modified":"2025-05-12T10:35:22","modified_gmt":"2025-05-12T10:35:22","slug":"research-pilots","status":"publish","type":"page","link":"https:\/\/sucolo.eu\/de\/research-pilots\/","title":{"rendered":"Research Pilots"},"content":{"rendered":"\n<p>Die SuCoLo-Forschungspiloten stehen im Mittelpunkt unserer Arbeit zur Entwicklung und Erprobung innovativer L\u00f6sungen f\u00fcr nachhaltigen Konsum und lokale Logistik. Verteilt auf drei unterschiedliche Regionen in Europa, widmet sich jeder Pilot spezifischen Herausforderungen im Zusammenhang mit urbanen und l\u00e4ndlichen Lieferketten, lokaler Produktion, letzter Meile und Konsumverhalten. Diese Piloten fungieren als Reallabore, in denen neue Ideen, Technologien und Kooperationsmodelle gemeinsam mit lokalen Akteuren \u2013 darunter Gemeinden, Unternehmen, Forschende und B\u00fcrger:innen \u2013 entwickelt werden.<\/p>\n\n\n\n<p>Durch die Fokussierung auf regionale Bed\u00fcrfnisse und die Nutzung lokaler St\u00e4rken untersuchen die Piloten, wie datenbasierte Werkzeuge, digitale Plattformen und politische Innovationen genutzt werden k\u00f6nnen, um regionale Wertsch\u00f6pfungsketten zu st\u00e4rken, Emissionen zu reduzieren und nachhaltige Lebensstile zu f\u00f6rdern. Gemeinsam generieren sie praxisnahe Erkenntnisse und \u00fcbertragbares Wissen, das eine nachhaltige Stadtentwicklung unterst\u00fctzt und dazu beitr\u00e4gt, intelligentere und gr\u00fcnere Logistiksysteme in Europa zu gestalten.<\/p>\n\n\n\n<p>Diese Seite bietet einen \u00dcberblick \u00fcber jeden Piloten, deren Ziele, die beteiligten Akteure und den aktuellen Fortschritt. Ob politische Entscheidungstr\u00e4ger:in, Forschende, Unternehmen oder B\u00fcrger:in \u2013 die Piloten liefern wertvolle Inspirationen und Belege f\u00fcr den Aufbau nachhaltiger lokaler Wirtschaften.<\/p>\n\n\n\n<div class=\"wp-block-stackable-columns stk-block-columns stk-block stk-5dc8126\" data-block-id=\"5dc8126\"><div class=\"stk-row stk-inner-blocks stk-block-content stk-content-align stk-5dc8126-column\">\n<div class=\"wp-block-stackable-column stk-block-column stk-column stk-block stk-6f9582f\" data-v=\"4\" data-block-id=\"6f9582f\"><div class=\"stk-column-wrapper stk-block-column__content stk-container stk-6f9582f-container stk--no-background stk--no-padding\"><div class=\"stk-block-content stk-inner-blocks stk-6f9582f-inner-blocks\">\n<div class=\"wp-block-stackable-card stk-block-card stk-block stk-d14f729 is-style-default-2\" data-v=\"2\" data-block-id=\"d14f729\"><div class=\"stk--no-padding stk-container stk-d14f729-container stk-hover-parent\"><figure class=\"stk-block-card__image stk-img-wrapper stk-image--shape-stretch\"><img loading=\"lazy\" decoding=\"async\" class=\"stk-img wp-image-157\" src=\"https:\/\/sucolo.eu\/wp-content\/uploads\/2024\/04\/salzburg.jpg\" width=\"1920\" height=\"1250\" srcset=\"https:\/\/sucolo.eu\/wp-content\/uploads\/2024\/04\/salzburg.jpg 1920w, https:\/\/sucolo.eu\/wp-content\/uploads\/2024\/04\/salzburg-300x195.jpg 300w, https:\/\/sucolo.eu\/wp-content\/uploads\/2024\/04\/salzburg-1024x667.jpg 1024w, https:\/\/sucolo.eu\/wp-content\/uploads\/2024\/04\/salzburg-768x500.jpg 768w, https:\/\/sucolo.eu\/wp-content\/uploads\/2024\/04\/salzburg-1536x1000.jpg 1536w\" sizes=\"auto, (max-width: 1920px) 100vw, 1920px\" \/><\/figure><div class=\"stk-container-padding stk-block-card__content\"><div class=\"stk-block-content stk-inner-blocks stk-d14f729-inner-blocks\">\n<div class=\"wp-block-stackable-heading stk-block-heading stk-block-heading--v2 stk-block stk-591ec5a\" id=\"salzburg-osterreich\" data-block-id=\"591ec5a\"><h2 class=\"stk-block-heading__text\">Salzburg, \u00d6sterreich<\/h2><\/div>\n<\/div><\/div><\/div><\/div>\n<\/div><\/div><\/div>\n\n\n\n<div class=\"wp-block-stackable-column stk-block-column stk-column stk-block stk-d491ae1\" data-v=\"4\" data-block-id=\"d491ae1\"><div class=\"stk-column-wrapper stk-block-column__content stk-container stk-d491ae1-container stk--no-background stk--no-padding\"><div class=\"stk-block-content stk-inner-blocks stk-d491ae1-inner-blocks\">\n<div class=\"wp-block-stackable-card stk-block-card stk-block stk-87a1c55 is-style-default\" data-v=\"2\" data-block-id=\"87a1c55\"><div class=\"stk--no-padding stk-container stk-87a1c55-container stk-hover-parent\"><figure class=\"stk-block-card__image stk-img-wrapper stk-image--shape-stretch\"><img loading=\"lazy\" decoding=\"async\" class=\"stk-img wp-image-155\" src=\"https:\/\/sucolo.eu\/wp-content\/uploads\/2024\/04\/leipzig.jpg\" width=\"1920\" height=\"1441\" srcset=\"https:\/\/sucolo.eu\/wp-content\/uploads\/2024\/04\/leipzig.jpg 1920w, https:\/\/sucolo.eu\/wp-content\/uploads\/2024\/04\/leipzig-300x225.jpg 300w, https:\/\/sucolo.eu\/wp-content\/uploads\/2024\/04\/leipzig-1024x769.jpg 1024w, https:\/\/sucolo.eu\/wp-content\/uploads\/2024\/04\/leipzig-768x576.jpg 768w, https:\/\/sucolo.eu\/wp-content\/uploads\/2024\/04\/leipzig-1536x1153.jpg 1536w\" sizes=\"auto, (max-width: 1920px) 100vw, 1920px\" \/><\/figure><div class=\"stk-container-padding stk-block-card__content\"><div class=\"stk-block-content stk-inner-blocks stk-87a1c55-inner-blocks\">\n<div class=\"wp-block-stackable-heading stk-block-heading stk-block-heading--v2 stk-block stk-5e329cd\" id=\"leipzig-deutschland\" data-block-id=\"5e329cd\"><h2 class=\"stk-block-heading__text\">Leipzig, Deutschland<\/h2><\/div>\n<\/div><\/div><\/div><\/div>\n<\/div><\/div><\/div>\n\n\n\n<div class=\"wp-block-stackable-column stk-block-column stk-column stk-block stk-30d6809\" data-v=\"4\" data-block-id=\"30d6809\"><div class=\"stk-column-wrapper stk-block-column__content stk-container stk-30d6809-container stk--no-background stk--no-padding\"><div class=\"stk-block-content stk-inner-blocks stk-30d6809-inner-blocks\">\n<div class=\"wp-block-stackable-card stk-block-card stk-block stk-62cc646 is-style-default\" data-v=\"2\" data-block-id=\"62cc646\"><div class=\"stk--no-padding stk-container stk-62cc646-container stk-hover-parent\"><figure class=\"stk-block-card__image stk-img-wrapper stk-image--shape-stretch\"><img loading=\"lazy\" decoding=\"async\" class=\"stk-img wp-image-156\" src=\"https:\/\/sucolo.eu\/wp-content\/uploads\/2024\/04\/meran.jpg\" width=\"1920\" height=\"1285\" srcset=\"https:\/\/sucolo.eu\/wp-content\/uploads\/2024\/04\/meran.jpg 1920w, https:\/\/sucolo.eu\/wp-content\/uploads\/2024\/04\/meran-300x201.jpg 300w, https:\/\/sucolo.eu\/wp-content\/uploads\/2024\/04\/meran-1024x685.jpg 1024w, https:\/\/sucolo.eu\/wp-content\/uploads\/2024\/04\/meran-768x514.jpg 768w, https:\/\/sucolo.eu\/wp-content\/uploads\/2024\/04\/meran-1536x1028.jpg 1536w\" sizes=\"auto, (max-width: 1920px) 100vw, 1920px\" \/><\/figure><div class=\"stk-container-padding stk-block-card__content\"><div class=\"stk-block-content stk-inner-blocks stk-62cc646-inner-blocks\">\n<div class=\"wp-block-stackable-heading stk-block-heading stk-block-heading--v2 stk-block stk-ab6d51c\" id=\"merano-italien\" data-block-id=\"ab6d51c\"><h2 class=\"stk-block-heading__text\">Merano, Italien<\/h2><\/div>\n<\/div><\/div><\/div><\/div>\n<\/div><\/div><\/div>\n<\/div><\/div>\n","protected":false},"excerpt":{"rendered":"<p>Die SuCoLo-Forschungspiloten stehen im Mittelpunkt unserer Arbeit zur Entwicklung und Erprobung innovativer L\u00f6sungen f\u00fcr nachhaltigen Konsum und lokale Logistik. Verteilt [&hellip;]<\/p>\n","protected":false},"author":1,"featured_media":0,"parent":0,"menu_order":0,"comment_status":"closed","ping_status":"closed","template":"","meta":{"site-sidebar-layout":"default","site-content-layout":"","ast-site-content-layout":"","site-content-style":"default","site-sidebar-style":"default","ast-global-header-display":"","ast-banner-title-visibility":"","ast-main-header-display":"","ast-hfb-above-header-display":"","ast-hfb-below-header-display":"","ast-hfb-mobile-header-display":"","site-post-title":"","ast-breadcrumbs-content":"","ast-featured-img":"","footer-sml-layout":"","theme-transparent-header-meta":"","adv-header-id-meta":"","stick-header-meta":"","header-above-stick-meta":"","header-main-stick-meta":"","header-below-stick-meta":"","astra-migrate-meta-layouts":"default","ast-page-background-enabled":"default","ast-page-background-meta":{"desktop":{"background-color":"var(--ast-global-color-4)","background-image":"","background-repeat":"repeat","background-position":"center center","background-size":"auto","background-attachment":"scroll","background-type":"","background-media":"","overlay-type":"","overlay-color":"","overlay-gradient":""},"tablet":{"background-color":"","background-image":"","background-repeat":"repeat","background-position":"center center","background-size":"auto","background-attachment":"scroll","background-type":"","background-media":"","overlay-type":"","overlay-color":"","overlay-gradient":""},"mobile":{"background-color":"","background-image":"","background-repeat":"repeat","background-position":"center center","background-size":"auto","background-attachment":"scroll","background-type":"","background-media":"","overlay-type":"","overlay-color":"","overlay-gradient":""}},"ast-content-background-meta":{"desktop":{"background-color":"var(--ast-global-color-5)","background-image":"","background-repeat":"repeat","background-position":"center center","background-size":"auto","background-attachment":"scroll","background-type":"","background-media":"","overlay-type":"","overlay-color":"","overlay-gradient":""},"tablet":{"background-color":"var(--ast-global-color-5)","background-image":"","background-repeat":"repeat","background-position":"center center","background-size":"auto","background-attachment":"scroll","background-type":"","background-media":"","overlay-type":"","overlay-color":"","overlay-gradient":""},"mobile":{"background-color":"var(--ast-global-color-5)","background-image":"","background-repeat":"repeat","background-position":"center center","background-size":"auto","background-attachment":"scroll","background-type":"","background-media":"","overlay-type":"","overlay-color":"","overlay-gradient":""}},"footnotes":""},"class_list":["post-1482","page","type-page","status-publish","hentry"],"_links":{"self":[{"href":"https:\/\/sucolo.eu\/de\/wp-json\/wp\/v2\/pages\/1482","targetHints":{"allow":["GET"]}}],"collection":[{"href":"https:\/\/sucolo.eu\/de\/wp-json\/wp\/v2\/pages"}],"about":[{"href":"https:\/\/sucolo.eu\/de\/wp-json\/wp\/v2\/types\/page"}],"author":[{"embeddable":true,"href":"https:\/\/sucolo.eu\/de\/wp-json\/wp\/v2\/users\/1"}],"replies":[{"embeddable":true,"href":"https:\/\/sucolo.eu\/de\/wp-json\/wp\/v2\/comments?post=1482"}],"version-history":[{"count":2,"href":"https:\/\/sucolo.eu\/de\/wp-json\/wp\/v2\/pages\/1482\/revisions"}],"predecessor-version":[{"id":1521,"href":"https:\/\/sucolo.eu\/de\/wp-json\/wp\/v2\/pages\/1482\/revisions\/1521"}],"wp:attachment":[{"href":"https:\/\/sucolo.eu\/de\/wp-json\/wp\/v2\/media?parent=1482"}],"curies":[{"name":"wp","href":"https:\/\/api.w.org\/{rel}","templated":true}]}}