{"id":1484,"date":"2025-05-05T13:23:49","date_gmt":"2025-05-05T13:23:49","guid":{"rendered":"https:\/\/sucolo.eu\/?page_id=1484"},"modified":"2025-08-19T06:57:59","modified_gmt":"2025-08-19T06:57:59","slug":"leipzig","status":"publish","type":"page","link":"https:\/\/sucolo.eu\/de\/research-pilots\/leipzig\/","title":{"rendered":"Leipzig"},"content":{"rendered":"\n<p>Wir planen, verschiedene Orte am Stadtrand zu untersuchen, um herauszufinden, wie gut Menschen mit Behinderungen (und andere) potenzielle Abholstationen f\u00fcr Waren ohne physische Barrieren erreichen k\u00f6nnen. Das <strong>Leipzig Logistics Living Lab<\/strong>, betrieben von <strong>ULEI<\/strong>, wird gemeinsam mit Anwohner:innen und weiteren Interessierten Konzepte f\u00fcr Abholstationen und ein kleines Mikrohub entwickeln, das zugleich als Treffpunkt f\u00fcr die Nachbarschaft dient.<\/p>\n\n\n\n<p>In Zusammenarbeit mit dem Onlineshop <strong>Locally Happy<\/strong> und dem Fahrradkurierdienst <strong>Fulmo<\/strong> werden wir die Warenzustellung per Fahrrad und Lastenrad testen und evaluieren. Dies umfasst den Transport von Gesch\u00e4ften zum Mikrohub und anschlie\u00dfend vom Hub zu den Kund:innen oder Abholstationen. Zudem nutzen wir die <strong>Locally Happy<\/strong>-Plattform, um digitale Wege zu testen, mit denen Menschen zu umweltfreundlicheren Konsumentscheidungen motiviert werden k\u00f6nnen \u2013 unterst\u00fctzt durch die Expertise von <strong>VIA<\/strong> und <strong>SRFG<\/strong>.<\/p>\n\n\n\n<script type=\"text\/javascript\">\n  function changeUrl() {\n    var site = \"https:\/\/cms4vr.independent.it\/hotels\/sucolo-leipzig\/link\/688217c516c67\";\n    document.getElementById(\"blur\").style.display = \"none\"; \n    document.getElementById(\"gdpr\").style.display = \"none\"; \n    document.getElementById(\"mapbutton\").style.display = \"none\"; \n    document.getElementById(\"iFrameMap\").style.display = \"unset\"; \n    document.getElementsByName('iFrameMap')[0].src = site;\n  }\n<\/script>\n\n<div>  \n  <p id=\"gdpr\">\n    Wenn du auf den Button klickst, wird ein externer Inhalt von independent.it geladen. \n    Bitte lies die <a href=\"https:\/\/www.independent.it\/de\/privacy\" target=\"blank\">Datenschutzerkl\u00e4rung<\/a> von independent.it f\u00fcr weitere Informationen.\n  <\/p>\n  <button onclick=\"changeUrl()\" id=\"mapbutton\">3D-Tour laden<\/button>\n  <br \/>\n  <iframe name=\"iFrameMap\" width=\"1200\" height=\"600\" id=\"iFrameMap\" style=\"display: none; margin-top: 25px\"><\/iframe>\n  <img decoding=\"async\" src=\"https:\/\/sucolo.eu\/wp-content\/uploads\/2025\/07\/leipzig-blur.jpg\" alt=\"Karte\" id=\"blur\" style=\"margin-top: 25px\" onclick=\"changeUrl()\" \/>\n<\/div>\n\n\n\n<p>Zus\u00e4tzlich wurden Points of Interest (POIs) \u2013 also nahegelegene Orte mit funktionaler, sozialer oder wirtschaftlicher Relevanz f\u00fcr die Nutzer:innen der Website \u2013 ermittelt und bewertet. Jeder POI wurde klassifiziert (z. B. als teilnehmendes Unternehmen, Parkplatz usw.) und anhand von Zug\u00e4nglichkeitsmerkmalen wie Grad der Barrierefreiheit, vorhandenen Hindernissen und verf\u00fcgbaren Dienstleistungen in einer interaktiven Karte bewertet. F\u00fcr die f\u00fcr die SuCoLo-Pilotprojekte relevantesten POIs wurden standardisierte Anpassungspl\u00e4ne zur Beseitigung architektonischer Barrieren (bekannt als PEBA) entwickelt, die architektonische, sensorische und informationelle Barrierefreiheitsl\u00fccken adressieren (weitere Informationen siehe Deliverable 4.1 \u201eGeoreferenzierte Kartierung von POIs in Bezug auf Barrierefreiheit und standardisierte Anpassungspl\u00e4ne (PEBA) im Falle von Barrieren\u201c). Die interaktive Karte der POIs finden Sie hier: verf\u00fcgbar auf <a href=\"https:\/\/sucolo.independent.it\/lipsia\/\">Italienisch<\/a> und <a href=\"https:\/\/sucolo.independent.it\/de\/leipzig\/\">Deutsch<\/a>.<\/p>\n","protected":false},"excerpt":{"rendered":"<p>Wir planen, verschiedene Orte am Stadtrand zu untersuchen, um herauszufinden, wie gut Menschen mit Behinderungen (und andere) potenzielle Abholstationen f\u00fcr [&hellip;]<\/p>\n","protected":false},"author":1,"featured_media":0,"parent":1482,"menu_order":0,"comment_status":"closed","ping_status":"closed","template":"","meta":{"site-sidebar-layout":"default","site-content-layout":"","ast-site-content-layout":"","site-content-style":"default","site-sidebar-style":"default","ast-global-header-display":"","ast-banner-title-visibility":"","ast-main-header-display":"","ast-hfb-above-header-display":"","ast-hfb-below-header-display":"","ast-hfb-mobile-header-display":"","site-post-title":"","ast-breadcrumbs-content":"","ast-featured-img":"","footer-sml-layout":"","theme-transparent-header-meta":"","adv-header-id-meta":"","stick-header-meta":"","header-above-stick-meta":"","header-main-stick-meta":"","header-below-stick-meta":"","astra-migrate-meta-layouts":"default","ast-page-background-enabled":"default","ast-page-background-meta":{"desktop":{"background-color":"var(--ast-global-color-4)","background-image":"","background-repeat":"repeat","background-position":"center center","background-size":"auto","background-attachment":"scroll","background-type":"","background-media":"","overlay-type":"","overlay-color":"","overlay-gradient":""},"tablet":{"background-color":"","background-image":"","background-repeat":"repeat","background-position":"center center","background-size":"auto","background-attachment":"scroll","background-type":"","background-media":"","overlay-type":"","overlay-color":"","overlay-gradient":""},"mobile":{"background-color":"","background-image":"","background-repeat":"repeat","background-position":"center center","background-size":"auto","background-attachment":"scroll","background-type":"","background-media":"","overlay-type":"","overlay-color":"","overlay-gradient":""}},"ast-content-background-meta":{"desktop":{"background-color":"var(--ast-global-color-5)","background-image":"","background-repeat":"repeat","background-position":"center center","background-size":"auto","background-attachment":"scroll","background-type":"","background-media":"","overlay-type":"","overlay-color":"","overlay-gradient":""},"tablet":{"background-color":"var(--ast-global-color-5)","background-image":"","background-repeat":"repeat","background-position":"center center","background-size":"auto","background-attachment":"scroll","background-type":"","background-media":"","overlay-type":"","overlay-color":"","overlay-gradient":""},"mobile":{"background-color":"var(--ast-global-color-5)","background-image":"","background-repeat":"repeat","background-position":"center center","background-size":"auto","background-attachment":"scroll","background-type":"","background-media":"","overlay-type":"","overlay-color":"","overlay-gradient":""}},"footnotes":""},"class_list":["post-1484","page","type-page","status-publish","hentry"],"_links":{"self":[{"href":"https:\/\/sucolo.eu\/de\/wp-json\/wp\/v2\/pages\/1484","targetHints":{"allow":["GET"]}}],"collection":[{"href":"https:\/\/sucolo.eu\/de\/wp-json\/wp\/v2\/pages"}],"about":[{"href":"https:\/\/sucolo.eu\/de\/wp-json\/wp\/v2\/types\/page"}],"author":[{"embeddable":true,"href":"https:\/\/sucolo.eu\/de\/wp-json\/wp\/v2\/users\/1"}],"replies":[{"embeddable":true,"href":"https:\/\/sucolo.eu\/de\/wp-json\/wp\/v2\/comments?post=1484"}],"version-history":[{"count":4,"href":"https:\/\/sucolo.eu\/de\/wp-json\/wp\/v2\/pages\/1484\/revisions"}],"predecessor-version":[{"id":2372,"href":"https:\/\/sucolo.eu\/de\/wp-json\/wp\/v2\/pages\/1484\/revisions\/2372"}],"up":[{"embeddable":true,"href":"https:\/\/sucolo.eu\/de\/wp-json\/wp\/v2\/pages\/1482"}],"wp:attachment":[{"href":"https:\/\/sucolo.eu\/de\/wp-json\/wp\/v2\/media?parent=1484"}],"curies":[{"name":"wp","href":"https:\/\/api.w.org\/{rel}","templated":true}]}}