{"id":1492,"date":"2025-05-12T09:56:53","date_gmt":"2025-05-12T09:56:53","guid":{"rendered":"https:\/\/sucolo.eu\/?page_id=1492"},"modified":"2025-08-25T09:56:30","modified_gmt":"2025-08-25T09:56:30","slug":"merano","status":"publish","type":"page","link":"https:\/\/sucolo.eu\/de\/research-pilots\/merano\/","title":{"rendered":"Merano"},"content":{"rendered":"\n<p>Der Forschungspilot in <strong>Meran<\/strong> untersucht, wie Lastenr\u00e4der nahtlos in das bestehende st\u00e4dtische Fahrradverleihsystem integriert werden k\u00f6nnen \u2013 mit dem Ziel, umweltfreundlichere und inklusivere Liefer- und Abholservices anzubieten. Im Rahmen des Projekts wird ein <strong>digitales Buchungssystem<\/strong> f\u00fcr Lastenr\u00e4der eingef\u00fchrt und in <strong>Praxistests<\/strong> auf Benutzerfreundlichkeit und logistische Effizienz gepr\u00fcft. Ein zentrales Element ist die <strong>Zusammenarbeit mit einem lokalen Handelsbetrieb<\/strong>, der mithilfe des <strong>Fix-Lastenrad-Lieferservices<\/strong> regionale Produkte auf nachhaltige Weise zustellt. Das Projekt r\u00fcckt die \u00f6kologischen Vorteile alternativer Liefermethoden in den Vordergrund \u2013 mit dem Ziel, st\u00e4dtischen Verkehr und Emissionen zu reduzieren. Lokale Gesch\u00e4fte beteiligen sich aktiv, indem sie sowohl <strong>gr\u00fcne Lieferoptionen<\/strong> als auch klassische Bestellwege anbieten. So wird sichergestellt, dass der Service <strong>inklusiv<\/strong> bleibt und verschiedene Nutzergruppen erreicht werden. Gleichzeitig k\u00f6nnen Akzeptanz und Wirkung nachhaltiger Lieferl\u00f6sungen genau evaluiert werden.<\/p>\n\n\n\n<figure class=\"wp-block-video\"><video height=\"720\" style=\"aspect-ratio: 1280 \/ 720;\" width=\"1280\" controls src=\"https:\/\/sucolo.eu\/wp-content\/uploads\/2025\/08\/VIDEO-HQ-Move-to-Cargo-Lieferung-per-Fahrrad-2.mp4\"><\/video><\/figure>\n\n\n\n<p>Als Infrastrukturma\u00dfnahme werden m\u00f6gliche Standorte f\u00fcr <strong>Abholstationen<\/strong> analysiert \u2013 mit besonderem Fokus auf das Viertel <strong>Untermais\/Maia Bassa<\/strong>, wo eine <strong>Pilotstation<\/strong> errichtet wird. Diese dient nicht nur als Abholpunkt, sondern auch als <strong>gemeinschaftlicher Treffpunkt<\/strong> \u2013 ein Raum f\u00fcr sozialen Austausch und kulturelle Aktivit\u00e4ten im Quartier.<\/p>\n\n\n\n<p>Besonders hervorzuheben ist der <strong>partizipative Gestaltungsprozess<\/strong> der Station: Das Design wird gemeinsam mit der lokalen Bev\u00f6lkerung und relevanten Akteuren entwickelt. Dabei stehen <strong>Barrierefreiheit, Inklusivit\u00e4t und Attraktivit\u00e4t<\/strong> \u2013 insbesondere f\u00fcr Menschen mit Behinderungen \u2013 im Mittelpunkt.<\/p>\n\n\n\n<script type=\"text\/javascript\">\n  function changeUrl() {\n    var site = \"https:\/\/cms4vr.independent.it\/hotels\/sucolo-meran\/\";\n    document.getElementById(\"blur\").style.display = \"none\"; \n    document.getElementById(\"gdpr\").style.display = \"none\"; \n    document.getElementById(\"mapbutton\").style.display = \"none\"; \n    document.getElementById(\"iFrameMap\").style.display = \"unset\"; \n    document.getElementsByName('iFrameMap')[0].src = site;\n  }\n<\/script>\n\n<div>  \n  <p id=\"gdpr\">\n    Wenn du auf den Button klickst, wird ein externer Inhalt von independent.it geladen. \n    Bitte lies die <a href=\"https:\/\/www.independent.it\/de\/privacy\" target=\"blank\">Datenschutzerkl\u00e4rung<\/a> von independent.it f\u00fcr weitere Informationen.\n  <\/p>\n  <button onclick=\"changeUrl()\" id=\"mapbutton\">3D-Tour laden<\/button>\n  <br \/>\n  <iframe name=\"iFrameMap\" width=\"1200\" height=\"600\" id=\"iFrameMap\" style=\"display: none; margin-top: 25px\"><\/iframe>\n  <img decoding=\"async\" src=\"https:\/\/sucolo.eu\/wp-content\/uploads\/2025\/07\/merano-blur.jpg\" alt=\"Karte\" id=\"blur\" style=\"margin-top: 25px\" onclick=\"changeUrl()\" \/>\n<\/div>\n\n\n\n<hr class=\"wp-block-separator has-alpha-channel-opacity\"\/>\n\n\n\n<p>Der Forschungspilot ist Teil der Initiative <strong><a class=\"\" href=\"https:\/\/www.suedtirolmobil.info\/de\/projekte\/fahrradmobilitaet\/move-to-cargo\">Move 2 Cargo<\/a><\/strong>, die von <strong>s\u00fcdtirolmobil<\/strong> ins Leben gerufen wurde. Ziel ist es, Lastenr\u00e4der als festen Bestandteil nachhaltiger Mobilit\u00e4t und Logistik in S\u00fcdtirol zu verankern. Die Kampagne unterst\u00fctzt Gemeinden, Logistikunternehmen und Betriebe dabei, auf <strong>emissionsarme Transportmethoden<\/strong> umzusteigen.<\/p>\n\n\n\n<div class=\"wp-block-stackable-image stk-block-image stk-block stk-dfa3e2d\" data-block-id=\"dfa3e2d\"><figure><span class=\"stk-img-wrapper stk-image--shape-stretch\"><img loading=\"lazy\" decoding=\"async\" class=\"stk-img wp-image-1462\" src=\"https:\/\/sucolo.eu\/wp-content\/uploads\/2025\/05\/csm_Header_Move_to_Cargo_86db372170.png\" width=\"1200\" height=\"507\" alt=\"Move to Cargo project\" srcset=\"https:\/\/sucolo.eu\/wp-content\/uploads\/2025\/05\/csm_Header_Move_to_Cargo_86db372170.png 1200w, https:\/\/sucolo.eu\/wp-content\/uploads\/2025\/05\/csm_Header_Move_to_Cargo_86db372170-300x127.png 300w, https:\/\/sucolo.eu\/wp-content\/uploads\/2025\/05\/csm_Header_Move_to_Cargo_86db372170-1024x433.png 1024w, https:\/\/sucolo.eu\/wp-content\/uploads\/2025\/05\/csm_Header_Move_to_Cargo_86db372170-768x324.png 768w\" sizes=\"auto, (max-width: 1200px) 100vw, 1200px\" \/><\/span><\/figure><\/div>\n\n\n\n<figure class=\"wp-block-video\"><video height=\"720\" style=\"aspect-ratio: 1280 \/ 720;\" width=\"1280\" controls src=\"https:\/\/sucolo.eu\/wp-content\/uploads\/2025\/08\/VIDEO-HQ-Move-to-Cargo-Cargobike-sharing-1-2.mp4\"><\/video><\/figure>\n\n\n\n<p><strong>Move 2 Cargo<\/strong> zeigt, wie die Umstellung auf Lastenr\u00e4der langfristig nicht nur die Umwelt, sondern auch die Lebensqualit\u00e4t in St\u00e4dten verbessern kann. Mit ma\u00dfgeschneiderter Beratung und konkreten Praxismodellen wie in Meran leistet die Initiative einen wichtigen Beitrag zur klimafreundlichen Zukunft der Mobilit\u00e4t in S\u00fcdtirol.<\/p>\n\n\n\n<p>Zus\u00e4tzlich wurden Points of Interest (POIs) \u2013 also nahegelegene Orte mit funktionaler, sozialer oder wirtschaftlicher Relevanz f\u00fcr die Nutzer:innen der Website \u2013 ermittelt und bewertet. Jeder POI wurde klassifiziert (z. B. als teilnehmendes Unternehmen, Parkplatz usw.) und anhand von Zug\u00e4nglichkeitsmerkmalen wie Grad der Barrierefreiheit, vorhandenen Hindernissen und verf\u00fcgbaren Dienstleistungen in einer interaktiven Karte bewertet. F\u00fcr die f\u00fcr die SuCoLo-Pilotprojekte relevantesten POIs wurden standardisierte Anpassungspl\u00e4ne zur Beseitigung architektonischer Barrieren (bekannt als PEBA) entwickelt, die architektonische, sensorische und informationelle Barrierefreiheitsl\u00fccken adressieren (weitere Informationen siehe Deliverable 4.1 \u201eGeoreferenzierte Kartierung von POIs in Bezug auf Barrierefreiheit und standardisierte Anpassungspl\u00e4ne (PEBA) im Falle von Barrieren\u201c). Die interaktive Karte der POIs finden Sie hier: verf\u00fcgbar auf <a href=\"https:\/\/sucolo.independent.it\/\">Italienisch<\/a> und <a href=\"https:\/\/sucolo.independent.it\/de\/\">Deutsch<\/a>.<\/p>\n","protected":false},"excerpt":{"rendered":"<p>Der Forschungspilot in Meran untersucht, wie Lastenr\u00e4der nahtlos in das bestehende st\u00e4dtische Fahrradverleihsystem integriert werden k\u00f6nnen \u2013 mit dem Ziel, [&hellip;]<\/p>\n","protected":false},"author":1,"featured_media":0,"parent":1482,"menu_order":0,"comment_status":"closed","ping_status":"closed","template":"","meta":{"site-sidebar-layout":"default","site-content-layout":"","ast-site-content-layout":"","site-content-style":"default","site-sidebar-style":"default","ast-global-header-display":"","ast-banner-title-visibility":"","ast-main-header-display":"","ast-hfb-above-header-display":"","ast-hfb-below-header-display":"","ast-hfb-mobile-header-display":"","site-post-title":"","ast-breadcrumbs-content":"","ast-featured-img":"","footer-sml-layout":"","theme-transparent-header-meta":"","adv-header-id-meta":"","stick-header-meta":"","header-above-stick-meta":"","header-main-stick-meta":"","header-below-stick-meta":"","astra-migrate-meta-layouts":"default","ast-page-background-enabled":"default","ast-page-background-meta":{"desktop":{"background-color":"var(--ast-global-color-4)","background-image":"","background-repeat":"repeat","background-position":"center center","background-size":"auto","background-attachment":"scroll","background-type":"","background-media":"","overlay-type":"","overlay-color":"","overlay-gradient":""},"tablet":{"background-color":"","background-image":"","background-repeat":"repeat","background-position":"center center","background-size":"auto","background-attachment":"scroll","background-type":"","background-media":"","overlay-type":"","overlay-color":"","overlay-gradient":""},"mobile":{"background-color":"","background-image":"","background-repeat":"repeat","background-position":"center center","background-size":"auto","background-attachment":"scroll","background-type":"","background-media":"","overlay-type":"","overlay-color":"","overlay-gradient":""}},"ast-content-background-meta":{"desktop":{"background-color":"var(--ast-global-color-5)","background-image":"","background-repeat":"repeat","background-position":"center center","background-size":"auto","background-attachment":"scroll","background-type":"","background-media":"","overlay-type":"","overlay-color":"","overlay-gradient":""},"tablet":{"background-color":"var(--ast-global-color-5)","background-image":"","background-repeat":"repeat","background-position":"center center","background-size":"auto","background-attachment":"scroll","background-type":"","background-media":"","overlay-type":"","overlay-color":"","overlay-gradient":""},"mobile":{"background-color":"var(--ast-global-color-5)","background-image":"","background-repeat":"repeat","background-position":"center center","background-size":"auto","background-attachment":"scroll","background-type":"","background-media":"","overlay-type":"","overlay-color":"","overlay-gradient":""}},"footnotes":""},"class_list":["post-1492","page","type-page","status-publish","hentry"],"_links":{"self":[{"href":"https:\/\/sucolo.eu\/de\/wp-json\/wp\/v2\/pages\/1492","targetHints":{"allow":["GET"]}}],"collection":[{"href":"https:\/\/sucolo.eu\/de\/wp-json\/wp\/v2\/pages"}],"about":[{"href":"https:\/\/sucolo.eu\/de\/wp-json\/wp\/v2\/types\/page"}],"author":[{"embeddable":true,"href":"https:\/\/sucolo.eu\/de\/wp-json\/wp\/v2\/users\/1"}],"replies":[{"embeddable":true,"href":"https:\/\/sucolo.eu\/de\/wp-json\/wp\/v2\/comments?post=1492"}],"version-history":[{"count":5,"href":"https:\/\/sucolo.eu\/de\/wp-json\/wp\/v2\/pages\/1492\/revisions"}],"predecessor-version":[{"id":2405,"href":"https:\/\/sucolo.eu\/de\/wp-json\/wp\/v2\/pages\/1492\/revisions\/2405"}],"up":[{"embeddable":true,"href":"https:\/\/sucolo.eu\/de\/wp-json\/wp\/v2\/pages\/1482"}],"wp:attachment":[{"href":"https:\/\/sucolo.eu\/de\/wp-json\/wp\/v2\/media?parent=1492"}],"curies":[{"name":"wp","href":"https:\/\/api.w.org\/{rel}","templated":true}]}}