{"id":454,"date":"2024-01-31T13:31:52","date_gmt":"2024-01-31T13:31:52","guid":{"rendered":"https:\/\/sucolo.eu\/?page_id=454"},"modified":"2025-06-02T08:32:52","modified_gmt":"2025-06-02T08:32:52","slug":"privacy-policy","status":"publish","type":"page","link":"https:\/\/sucolo.eu\/de\/privacy-policy\/","title":{"rendered":"Datenschutzerkl\u00e4rung"},"content":{"rendered":"\n<p>Status: 2. Juni 2025<\/p>\n\n\n\n<p>Wir nehmen den Schutz Ihrer pers\u00f6nlichen Daten sehr ernst. Wir verarbeiten Ihre personenbezogenen Daten nach Ma\u00dfgabe der gesetzlichen Datenschutzvorschriften und dieser Datenschutzerkl\u00e4rung. Die Nutzung unserer Webseite ist in der Regel ohne Angabe personenbezogener Daten m\u00f6glich. Soweit auf unseren Seiten personenbezogene Daten (beispielsweise Name, Anschrift oder eMail-Adressen) erhoben werden, erfolgt dies stets auf freiwilliger Basis, es sei denn, diese sind f\u00fcr den Betrieb der Website zwingend erforderlich.<\/p>\n\n\n\n<p>Diese Website geht sparsam mit Ihren Daten um und verarbeitet nur technisch notwendige Daten, die nicht Ihrer Zustimmung bed\u00fcrfen. Daher hat diese Website keine \u201eCookie-Bar\u201c, um Ihre Zustimmung einzuholen.<\/p>\n\n\n\n<h2 class=\"wp-block-heading\">Verantwortlichkeit<\/h2>\n\n\n\n<p>Die Salzburg Research Forschungsgesellschaft m.b.H., Jakob Haringer Stra\u00dfe 5\/3, 5020 Salzburg, info@salzburgresearch.at, 0662\/2288-0 ist f\u00fcr die Verarbeitung Ihrer personenbezogenen Daten auf dieser Website verantwortlich.<\/p>\n\n\n\n<h2 class=\"wp-block-heading\">Hosting<\/h2>\n\n\n\n<p>Diese Website wird von Salzburg Research selbst gehostet. Wir verarbeiten personenbezogene Verbindungsdaten zum Zwecke der Daten- und Ausfallsicherheit f\u00fcr einen Zeitraum von maximal 7 Tagen.<\/p>\n\n\n\n<p>Die Rechtsgrundlage f\u00fcr die Verarbeitung ist unser berechtigtes Interesse gem\u00e4\u00df Art. 6 Abs.. 1 lit. f DSGVO (technische Sicherheitsma\u00dfnahmen).<\/p>\n\n\n\n<h2 class=\"wp-block-heading\">Server Logfiles<\/h2>\n\n\n\n<p>Wir verarbeiten personenbezogene Daten wie z.B. die IP-Adresse in einem Server-Logfile f\u00fcr einen Zeitraum von maximal 7 Tagen zum Zwecke der \u00dcberwachung der technischen Funktion und zur Erh\u00f6hung der Betriebssicherheit auf der Rechtsgrundlage des berechtigten Interesses gem\u00e4\u00df Art. 6 Abs.. 1 lit. f DSGVO (technische Sicherheitsma\u00dfnahmen).<\/p>\n\n\n\n<ul class=\"wp-block-list\">\n<li>Zeitstempel (Datum und Uhrzeit des Treffers)<\/li>\n\n\n\n<li>Art der Anfrage des Nutzers<\/li>\n\n\n\n<li>IP des Nutzers<\/li>\n\n\n\n<li>Referrer-Informationen des Nutzers (d. h. die Quelle des Zugriffs)<\/li>\n\n\n\n<li>Client des Nutzers (Art des Clients, Client-Version)<\/li>\n\n\n\n<li>Betriebssystem des Nutzers (Ger\u00e4t, Betriebssystemversion des Ger\u00e4ts)<\/li>\n<\/ul>\n\n\n\n<h2 class=\"wp-block-heading\">Kontaktformular<\/h2>\n\n\n\n<p>Nach Absenden des Kontaktformulars erfolgt eine Verarbeitung der angef\u00fchrten Daten durch den datenschutzrechtlich Verantwortlichen zum Zweck der Beantwortung Ihrer Anfrage. Die Daten werden an das SuCoLo Projektkonsortium weitergeleitet.<\/p>\n\n\n\n<p>Es besteht keine gesetzliche oder vertragliche Verpflichtung zur Bereitstellung der personenbezogenen Daten. Die Nichtbereitstellung hat lediglich zur Folge, dass keine Anfrage m\u00f6glich ist. Sie haben das Recht, der Speicherung Ihrer personenbezogenen Daten jederzeit durch schriftliche Mitteilung zu widerrufen oder zu widersprechen, ohne dass die Rechtm\u00e4\u00dfigkeit der aufgrund der Einwilligung bis zum Widerruf erfolgten Verarbeitung ber\u00fchrt wird.<\/p>\n\n\n\n<h2 class=\"wp-block-heading\">Map Service<\/h2>\n\n\n\n<p>Auf dieser Website nutzen wir die Dienste von Kartendienstleistern in Form von iFrame-Einbettungen. Damit k\u00f6nnen wir interaktive Karten direkt auf der Website anzeigen und erm\u00f6glichen eine komfortable Nutzung der Kartenfunktionen.<\/p>\n\n\n\n<h3 class=\"wp-block-heading\">Google Maps<\/h3>\n\n\n\n<p>Wir verarbeiten Verbindungsdaten und Browserdaten als gemeinsamer Verantwortlicher mit Google Ireland Limited, Gordon House, Barrow Street, Dublin 4, Irland zum Zwecke der Darstellung einer interaktiven Karte f\u00fcr die Dauer der Darstellung der Karte. Wir erm\u00f6glichen Google Maps, Cookies auf dem PC des Nutzers zu platzieren und eine Nutzer-ID zu berechnen, um den Nutzer innerhalb des Google-Werbenetzwerks eindeutig zu identifizieren.<\/p>\n\n\n\n<p>Die Rechtsgrundlage f\u00fcr die Verarbeitung ist die von Ihnen erteilte Einwilligung gem\u00e4\u00df \u00a7 96 Abs. 3 TKG ivm. 3 TKG ivm. Art. 6 Abs. 1 lit. a DSGVO.<\/p>\n\n\n\n<p>F\u00fcr eine etwaige eigenst\u00e4ndige Weiterverarbeitung der Daten durch Google Maps, insbesondere im Rahmen des Werbenetzwerks von Google, ist allein Google Maps verantwortlich. Einzelheiten finden Sie in der <a href=\"https:\/\/policies.google.com\/privacy?gl=AT&amp;hl=de#intro\">Datenschutzerkl\u00e4rung von Google Maps.<\/a><\/p>\n\n\n\n<h2 class=\"wp-block-heading\">Video Service<\/h2>\n\n\n\n<p>Auf unserer Website bieten wir Ihnen die M\u00f6glichkeit, unsere YouTube-Videos direkt \u00fcber eine iFrame-Einbettung anzusehen. Nach Erteilung Ihrer Einwilligung gem\u00e4\u00df Art. 6 Abs.. 1 lit a DSGVO erm\u00f6glichen wir dem Dienstleister Google Ireland Limited, Gordon House, Barrow Street, Dublin 4, Irland, personenbezogene Daten von Ihnen zum Zwecke des Abspielens des Videos f\u00fcr die Dauer des Besuchs der Website zu erheben. Die von Google erhobenen Daten werden von uns weder verarbeitet noch gespeichert. Ihre Einwilligung gilt nur bis zum Verlassen der jeweiligen Website und wird nicht gespeichert.<\/p>\n\n\n\n<p>We use the following services:<\/p>\n\n\n\n<p>Dienst: Youtube<br>Betreiber: Google Ireland Limited, Gordon House, Barrow Street, Dublin 4, Irland<\/p>\n\n\n\n<p><br>Privacy policy: <a href=\"https:\/\/policies.google.com\/privacy?gl=AT&amp;hl=de#intro\" target=\"_blank\" rel=\"noreferrer noopener\">https:\/\/policies.google.com\/privacy?gl=AT&amp;hl=en#intro<\/a><\/p>\n\n\n\n<h2 class=\"wp-block-heading\">Analyse Service<\/h2>\n\n\n\n<p>Auf unserer Website nutzen wir Analysedienste, um die Nutzung unserer Website zu analysieren, Fehler zu beheben und die Inhalte weiterzuentwickeln.<\/p>\n\n\n\n<h3 class=\"wp-block-heading\">Lokale Analyse-Software<\/h3>\n\n\n\n<p>Mittels lokaler Analysesoftware verarbeiten wir Verbindungs- und Browserdaten, um die Nutzung unserer Website zu analysieren, Fehler zu beheben und die Inhalte bis zum Widerspruch weiterzuentwickeln.<\/p>\n\n\n\n<p>Die Rechtsgrundlage f\u00fcr die Verarbeitung ist die technische Notwendigkeit der Verarbeitung von Analysedaten gem\u00e4\u00df \u00a7 96 Abs. 3 TKG ivm. 3 TKG ivm. zu Art. 6 Abs. 1 lit. f DSGVO, die zur Erbringung des von den Nutzern ausdr\u00fccklich gew\u00fcnschten Dienstes einer Website unbedingt erforderlich ist.<\/p>\n\n\n\n<div id=\"matomo-opt-out\"><\/div>\n<script src=\"https:\/\/stats.salzburgresearch.at\/index.php?module=CoreAdminHome&#038;action=optOutJS&#038;divId=matomo-opt-out&#038;language=auto&#038;showIntro=1\"><\/script>\n\n\n\n<div style=\"height:20px\" aria-hidden=\"true\" class=\"wp-block-spacer\"><\/div>\n\n\n\n<h2 class=\"wp-block-heading\">Recht auf Einspruch<\/h2>\n\n\n\n<p>Wenn die Verarbeitung Ihrer personenbezogenen Daten auf der Grundlage eines berechtigten Interesses erfolgt, haben Sie das Recht, dieser Verarbeitung zu widersprechen. Liegen keine zwingenden schutzw\u00fcrdigen Gr\u00fcnde f\u00fcr die Verarbeitung unsererseits vor, wird die Verarbeitung Ihrer Daten auf der Grundlage dieser Rechtsgrundlage eingestellt.<\/p>\n\n\n\n<p>Die Rechtm\u00e4\u00dfigkeit der bis zum Zeitpunkt des Widerspruchs verarbeiteten Daten wird durch den Widerspruch nicht ber\u00fchrt.<\/p>\n\n\n\n<h2 class=\"wp-block-heading\">R\u00fccktrittsrecht<\/h2>\n\n\n\n<p>Sie haben das Recht, eine uns gegen\u00fcber erteilte Einwilligung jederzeit zu widerrufen. Im Falle einer schriftlichen Einwilligung kann der Widerruf nur schriftlich erfolgen; im Falle einer Einwilligung zum Erhalt elektronischer Werbung kann dies auch durch Anklicken des Abmeldelinks geschehen. In diesem Fall wird die Verarbeitung eingestellt, es sei denn, es liegt eine andere Rechtsgrundlage vor.<\/p>\n\n\n\n<p>Die Rechtm\u00e4\u00dfigkeit der bis zum Widerruf verarbeiteten Daten wird durch den Widerruf nicht ber\u00fchrt.<\/p>\n\n\n\n<h2 class=\"wp-block-heading\">Betroffene Rechte<\/h2>\n\n\n\n<p>Sie haben das Recht auf Auskunft, Berichtigung, L\u00f6schung und Einschr\u00e4nkung der Verarbeitung personenbezogener Daten.<\/p>\n\n\n\n<p>Besteht die Rechtsgrundlage f\u00fcr die Verarbeitung Ihrer personenbezogenen Daten in Ihrer Einwilligung oder in einem mit Ihnen geschlossenen Vertrag, haben Sie auch das Recht auf Daten\u00fcbertragbarkeit.<\/p>\n\n\n\n<p>Sie haben das Recht, eine eventuell erteilte Einwilligung in die Verarbeitung Ihrer personenbezogenen Daten zu widerrufen. Die Rechtm\u00e4\u00dfigkeit der Verarbeitung der personenbezogenen Daten bis zum Widerruf wird durch den Widerruf nicht ber\u00fchrt.<\/p>\n\n\n\n<p>Sie haben das Recht, der Verarbeitung Ihrer personenbezogenen Daten zum Zwecke der Direktwerbung zu widersprechen. Im Falle eines Widerspruchs werden Ihre personenbezogenen Daten nicht mehr zum Zwecke der Direktwerbung verarbeitet.<\/p>\n\n\n\n<p>Au\u00dferdem haben Sie das Recht, sich bei der Aufsichtsbeh\u00f6rde zu beschweren. Die Kontaktdaten der \u00f6sterreichischen Datenschutzbeh\u00f6rde lauten wie folgt: \u00d6sterreichische Datenschutzbeh\u00f6rde, Barichgasse 40-42, A-1030 Wien.<\/p>\n","protected":false},"excerpt":{"rendered":"<p>Status: 2. Juni 2025 Wir nehmen den Schutz Ihrer pers\u00f6nlichen Daten sehr ernst. Wir verarbeiten Ihre personenbezogenen Daten nach Ma\u00dfgabe [&hellip;]<\/p>\n","protected":false},"author":3,"featured_media":0,"parent":0,"menu_order":0,"comment_status":"closed","ping_status":"open","template":"","meta":{"site-sidebar-layout":"default","site-content-layout":"","ast-site-content-layout":"","site-content-style":"default","site-sidebar-style":"default","ast-global-header-display":"","ast-banner-title-visibility":"","ast-main-header-display":"","ast-hfb-above-header-display":"","ast-hfb-below-header-display":"","ast-hfb-mobile-header-display":"","site-post-title":"","ast-breadcrumbs-content":"","ast-featured-img":"","footer-sml-layout":"","theme-transparent-header-meta":"","adv-header-id-meta":"","stick-header-meta":"","header-above-stick-meta":"","header-main-stick-meta":"","header-below-stick-meta":"","astra-migrate-meta-layouts":"default","ast-page-background-enabled":"default","ast-page-background-meta":{"desktop":{"background-color":"var(--ast-global-color-4)","background-image":"","background-repeat":"repeat","background-position":"center center","background-size":"auto","background-attachment":"scroll","background-type":"","background-media":"","overlay-type":"","overlay-color":"","overlay-gradient":""},"tablet":{"background-color":"","background-image":"","background-repeat":"repeat","background-position":"center center","background-size":"auto","background-attachment":"scroll","background-type":"","background-media":"","overlay-type":"","overlay-color":"","overlay-gradient":""},"mobile":{"background-color":"","background-image":"","background-repeat":"repeat","background-position":"center center","background-size":"auto","background-attachment":"scroll","background-type":"","background-media":"","overlay-type":"","overlay-color":"","overlay-gradient":""}},"ast-content-background-meta":{"desktop":{"background-color":"var(--ast-global-color-5)","background-image":"","background-repeat":"repeat","background-position":"center center","background-size":"auto","background-attachment":"scroll","background-type":"","background-media":"","overlay-type":"","overlay-color":"","overlay-gradient":""},"tablet":{"background-color":"var(--ast-global-color-5)","background-image":"","background-repeat":"repeat","background-position":"center center","background-size":"auto","background-attachment":"scroll","background-type":"","background-media":"","overlay-type":"","overlay-color":"","overlay-gradient":""},"mobile":{"background-color":"var(--ast-global-color-5)","background-image":"","background-repeat":"repeat","background-position":"center center","background-size":"auto","background-attachment":"scroll","background-type":"","background-media":"","overlay-type":"","overlay-color":"","overlay-gradient":""}},"footnotes":""},"class_list":["post-454","page","type-page","status-publish","hentry"],"_links":{"self":[{"href":"https:\/\/sucolo.eu\/de\/wp-json\/wp\/v2\/pages\/454","targetHints":{"allow":["GET"]}}],"collection":[{"href":"https:\/\/sucolo.eu\/de\/wp-json\/wp\/v2\/pages"}],"about":[{"href":"https:\/\/sucolo.eu\/de\/wp-json\/wp\/v2\/types\/page"}],"author":[{"embeddable":true,"href":"https:\/\/sucolo.eu\/de\/wp-json\/wp\/v2\/users\/3"}],"replies":[{"embeddable":true,"href":"https:\/\/sucolo.eu\/de\/wp-json\/wp\/v2\/comments?post=454"}],"version-history":[{"count":2,"href":"https:\/\/sucolo.eu\/de\/wp-json\/wp\/v2\/pages\/454\/revisions"}],"predecessor-version":[{"id":2048,"href":"https:\/\/sucolo.eu\/de\/wp-json\/wp\/v2\/pages\/454\/revisions\/2048"}],"wp:attachment":[{"href":"https:\/\/sucolo.eu\/de\/wp-json\/wp\/v2\/media?parent=454"}],"curies":[{"name":"wp","href":"https:\/\/api.w.org\/{rel}","templated":true}]}}