{"id":1496,"date":"2025-05-05T13:23:49","date_gmt":"2025-05-05T13:23:49","guid":{"rendered":"https:\/\/sucolo.eu\/?page_id=1496"},"modified":"2025-08-19T07:00:31","modified_gmt":"2025-08-19T07:00:31","slug":"leipzig","status":"publish","type":"page","link":"https:\/\/sucolo.eu\/it\/research-pilots\/leipzig\/","title":{"rendered":"Leipzig"},"content":{"rendered":"\n<p>Abbiamo in programma di esaminare diverse aree ai margini della citt\u00e0 per valutare quanto facilmente le persone con disabilit\u00e0 (e non solo) possano accedere alle potenziali stazioni di ritiro senza incontrare barriere fisiche. Il <strong>Leipzig Logistics Living Lab<\/strong>, gestito da <strong>ULEI<\/strong>, collaborer\u00e0 con residenti e altri soggetti interessati per sviluppare concetti per stazioni di ritiro e un piccolo hub di consegna, che funger\u00e0 anche da luogo di incontro per la comunit\u00e0.<\/p>\n\n\n\n<p>In collaborazione con il negozio online <strong>Locally Happy<\/strong> e il servizio di corrieri in bicicletta <strong>Fulmo<\/strong>, testeremo e valuteremo la consegna di prodotti tramite bicicletta e cargo bike. Questo include il trasporto della merce dai negozi al piccolo hub e successivamente dall\u2019hub ai clienti o alle stazioni di ritiro. Inoltre, utilizzeremo la piattaforma <strong>Locally Happy<\/strong> per sperimentare strumenti digitali volti a incentivare scelte di consumo pi\u00f9 ecologiche, con il supporto degli esperti di <strong>VIA<\/strong> e <strong>SRFG<\/strong>.<\/p>\n\n\n\n<script type=\"text\/javascript\">\n  function changeUrl() {\n    var site = \"https:\/\/cms4vr.independent.it\/hotels\/sucolo-leipzig\/link\/688217c516c67\";\n    document.getElementById(\"blur\").style.display = \"none\"; \n    document.getElementById(\"gdpr\").style.display = \"none\"; \n    document.getElementById(\"mapbutton\").style.display = \"none\"; \n    document.getElementById(\"iFrameMap\").style.display = \"unset\"; \n    document.getElementsByName('iFrameMap')[0].src = site;\n  }\n<\/script>\n\n<div>  \n  <p id=\"gdpr\">\n    Cliccando sul pulsante verr\u00e0 caricato un contenuto esterno da independent.it. \n    Si prega di leggere la <a href=\"https:\/\/www.independent.it\/de\/privacy\" target=\"blank\">informativa sulla privacy<\/a> di independent.it per maggiori informazioni.\n  <\/p>\n  <button onclick=\"changeUrl()\" id=\"mapbutton\">Carica il tour 3D<\/button>\n  <br \/>\n  <iframe name=\"iFrameMap\" width=\"1200\" height=\"600\" id=\"iFrameMap\" style=\"display: none; margin-top: 25px\"><\/iframe>\n  <img decoding=\"async\" src=\"https:\/\/sucolo.eu\/wp-content\/uploads\/2025\/07\/leipzig-blur.jpg\" alt=\"Mappa\" id=\"blur\" style=\"margin-top: 25px\" onclick=\"changeUrl()\" \/>\n<\/div>\n\n\n\n<p>Inoltre, sono stati individuati e valutati i Punti di Interesse (POI) \u2013 ovvero luoghi nelle vicinanze con rilevanza funzionale, sociale o economica per gli utenti del sito. Ogni POI \u00e8 stato classificato (ad es. come attivit\u00e0 partecipante, parcheggio, ecc.) e valutato in base ad attributi di accessibilit\u00e0 come livello di conformit\u00e0, barriere e servizi disponibili in una mappa interattiva. Per i POI pi\u00f9 pertinenti ai progetti pilota SuCoLo, sono stati sviluppati piani di adattamento standardizzati per l\u2019eliminazione delle barriere architettoniche (noti come PEBA), che affrontano le lacune di accessibilit\u00e0 architettonica, sensoriale e informativa (per ulteriori informazioni, si veda il Deliverable 4.1 \u201cMappatura georeferenziata dei POI in relazione all\u2019accessibilit\u00e0 e piani di adattamento standardizzati (PEBA) in caso di barriere\u201d). Consulta qui la mappa interattiva dei POI: disponibile in <a href=\"https:\/\/sucolo.independent.it\/lipsia\/\">italiano<\/a> e <a href=\"https:\/\/sucolo.independent.it\/de\/leipzig\/\">tedesco<\/a>.<\/p>\n","protected":false},"excerpt":{"rendered":"<p>Abbiamo in programma di esaminare diverse aree ai margini della citt\u00e0 per valutare quanto facilmente le persone con disabilit\u00e0 (e [&hellip;]<\/p>\n","protected":false},"author":1,"featured_media":0,"parent":1495,"menu_order":0,"comment_status":"closed","ping_status":"closed","template":"","meta":{"site-sidebar-layout":"default","site-content-layout":"","ast-site-content-layout":"","site-content-style":"default","site-sidebar-style":"default","ast-global-header-display":"","ast-banner-title-visibility":"","ast-main-header-display":"","ast-hfb-above-header-display":"","ast-hfb-below-header-display":"","ast-hfb-mobile-header-display":"","site-post-title":"","ast-breadcrumbs-content":"","ast-featured-img":"","footer-sml-layout":"","theme-transparent-header-meta":"","adv-header-id-meta":"","stick-header-meta":"","header-above-stick-meta":"","header-main-stick-meta":"","header-below-stick-meta":"","astra-migrate-meta-layouts":"default","ast-page-background-enabled":"default","ast-page-background-meta":{"desktop":{"background-color":"var(--ast-global-color-4)","background-image":"","background-repeat":"repeat","background-position":"center center","background-size":"auto","background-attachment":"scroll","background-type":"","background-media":"","overlay-type":"","overlay-color":"","overlay-gradient":""},"tablet":{"background-color":"","background-image":"","background-repeat":"repeat","background-position":"center center","background-size":"auto","background-attachment":"scroll","background-type":"","background-media":"","overlay-type":"","overlay-color":"","overlay-gradient":""},"mobile":{"background-color":"","background-image":"","background-repeat":"repeat","background-position":"center center","background-size":"auto","background-attachment":"scroll","background-type":"","background-media":"","overlay-type":"","overlay-color":"","overlay-gradient":""}},"ast-content-background-meta":{"desktop":{"background-color":"var(--ast-global-color-5)","background-image":"","background-repeat":"repeat","background-position":"center center","background-size":"auto","background-attachment":"scroll","background-type":"","background-media":"","overlay-type":"","overlay-color":"","overlay-gradient":""},"tablet":{"background-color":"var(--ast-global-color-5)","background-image":"","background-repeat":"repeat","background-position":"center center","background-size":"auto","background-attachment":"scroll","background-type":"","background-media":"","overlay-type":"","overlay-color":"","overlay-gradient":""},"mobile":{"background-color":"var(--ast-global-color-5)","background-image":"","background-repeat":"repeat","background-position":"center center","background-size":"auto","background-attachment":"scroll","background-type":"","background-media":"","overlay-type":"","overlay-color":"","overlay-gradient":""}},"footnotes":""},"class_list":["post-1496","page","type-page","status-publish","hentry"],"_links":{"self":[{"href":"https:\/\/sucolo.eu\/it\/wp-json\/wp\/v2\/pages\/1496","targetHints":{"allow":["GET"]}}],"collection":[{"href":"https:\/\/sucolo.eu\/it\/wp-json\/wp\/v2\/pages"}],"about":[{"href":"https:\/\/sucolo.eu\/it\/wp-json\/wp\/v2\/types\/page"}],"author":[{"embeddable":true,"href":"https:\/\/sucolo.eu\/it\/wp-json\/wp\/v2\/users\/1"}],"replies":[{"embeddable":true,"href":"https:\/\/sucolo.eu\/it\/wp-json\/wp\/v2\/comments?post=1496"}],"version-history":[{"count":4,"href":"https:\/\/sucolo.eu\/it\/wp-json\/wp\/v2\/pages\/1496\/revisions"}],"predecessor-version":[{"id":2375,"href":"https:\/\/sucolo.eu\/it\/wp-json\/wp\/v2\/pages\/1496\/revisions\/2375"}],"up":[{"embeddable":true,"href":"https:\/\/sucolo.eu\/it\/wp-json\/wp\/v2\/pages\/1495"}],"wp:attachment":[{"href":"https:\/\/sucolo.eu\/it\/wp-json\/wp\/v2\/media?parent=1496"}],"curies":[{"name":"wp","href":"https:\/\/api.w.org\/{rel}","templated":true}]}}