{"id":1497,"date":"2025-05-12T09:56:53","date_gmt":"2025-05-12T09:56:53","guid":{"rendered":"https:\/\/sucolo.eu\/?page_id=1497"},"modified":"2025-08-25T10:01:09","modified_gmt":"2025-08-25T10:01:09","slug":"merano","status":"publish","type":"page","link":"https:\/\/sucolo.eu\/it\/research-pilots\/merano\/","title":{"rendered":"Merano"},"content":{"rendered":"\n<p>Il progetto pilota di <strong>Merano<\/strong> mira a testare l&#8217;integrazione delle <strong>cargo bike<\/strong> nel sistema pubblico di bike sharing, con l&#8217;obiettivo di offrire opzioni di consegna e ritiro pi\u00f9 ecologiche e inclusive. Il progetto prevede l\u2019introduzione di un <strong>sistema di prenotazione digitale<\/strong> e una fase di <strong>test pratici<\/strong> per valutare l&#8217;efficienza logistica e l&#8217;esperienza d&#8217;uso. Un aspetto chiave \u00e8 la <strong>collaborazione con un\u2019attivit\u00e0 commerciale locale<\/strong>, che utilizzer\u00e0 il servizio <strong>Fix bike delivery<\/strong> per consegnare prodotti regionali in modo sostenibile. L\u2019iniziativa evidenzia i vantaggi ambientali delle consegne a impatto ridotto, puntando alla diminuzione del traffico e delle emissioni. I negozi locali parteciperanno offrendo ai clienti la possibilit\u00e0 di scegliere tra <strong>modalit\u00e0 di consegna sostenibili<\/strong> e metodi tradizionali, garantendo l\u2019<strong>inclusivit\u00e0<\/strong> del servizio. Questo approccio permette di analizzare la risposta degli utenti e l\u2019efficacia delle soluzioni logistiche verdi.<\/p>\n\n\n\n<figure class=\"wp-block-video\"><video height=\"720\" style=\"aspect-ratio: 1280 \/ 720;\" width=\"1280\" controls src=\"https:\/\/sucolo.eu\/wp-content\/uploads\/2025\/08\/VIDEO-HQ-Move-to-Cargo-Lieferung-per-Fahrrad-3.mp4\"><\/video><\/figure>\n\n\n\n<p>Il progetto prevede inoltre l\u2019individuazione di possibili punti di <strong>ritiro con cargo bike<\/strong>, con un\u2019attenzione particolare al quartiere <strong>Maia Bassa\/Untermais<\/strong>, dove verr\u00e0 realizzata una <strong>stazione prototipo<\/strong>. Questa non sar\u00e0 solo un punto di ritiro, ma anche un <strong>centro di comunit\u00e0<\/strong>, uno spazio per l\u2019incontro sociale e le attivit\u00e0 culturali.<\/p>\n\n\n\n<p>La progettazione della stazione sar\u00e0 <strong>partecipativa<\/strong>, coinvolgendo cittadini e stakeholder locali. Il design sar\u00e0 sviluppato con particolare attenzione a <strong>accessibilit\u00e0, attrattivit\u00e0 e inclusione<\/strong>, anche per persone con disabilit\u00e0.<\/p>\n\n\n\n<script type=\"text\/javascript\">\n  function changeUrl() {\n    var site = \"https:\/\/cms4vr.independent.it\/hotels\/sucolo-meran\/\";\n    document.getElementById(\"blur\").style.display = \"none\"; \n    document.getElementById(\"gdpr\").style.display = \"none\"; \n    document.getElementById(\"mapbutton\").style.display = \"none\"; \n    document.getElementById(\"iFrameMap\").style.display = \"unset\"; \n    document.getElementsByName('iFrameMap')[0].src = site;\n  }\n<\/script>\n\n<div>  \n  <p id=\"gdpr\">\n    Cliccando sul pulsante verr\u00e0 caricato un contenuto esterno da independent.it. \n    Si prega di leggere l&#8217;<a href=\"https:\/\/www.independent.it\/de\/privacy\" target=\"blank\">informativa sulla privacy<\/a> di independent.it per maggiori informazioni.\n  <\/p>\n  <button onclick=\"changeUrl()\" id=\"mapbutton\">Carica il tour 3D<\/button>\n  <br \/>\n  <iframe name=\"iFrameMap\" width=\"1200\" height=\"600\" id=\"iFrameMap\" style=\"display: none; margin-top: 25px\"><\/iframe>\n  <img decoding=\"async\" src=\"https:\/\/sucolo.eu\/wp-content\/uploads\/2025\/07\/merano-blur.jpg\" alt=\"Mappa\" id=\"blur\" style=\"margin-top: 25px\" onclick=\"changeUrl()\" \/>\n<\/div>\n\n\n\n<hr class=\"wp-block-separator has-alpha-channel-opacity\"\/>\n\n\n\n<p>Il progetto pilota rientra nella pi\u00f9 ampia iniziativa regionale <strong><a>Move 2 Cargo<\/a><\/strong> promossa da <strong>s\u00fcdtirolmobil<\/strong>, che sostiene l\u2019uso delle <strong>cargo bike nella mobilit\u00e0 quotidiana e nei servizi di consegna<\/strong> in Alto Adige.<\/p>\n\n\n\n<div class=\"wp-block-stackable-image stk-block-image stk-block stk-dfa3e2d\" data-block-id=\"dfa3e2d\"><figure><span class=\"stk-img-wrapper stk-image--shape-stretch\"><img loading=\"lazy\" decoding=\"async\" class=\"stk-img wp-image-1462\" src=\"https:\/\/sucolo.eu\/wp-content\/uploads\/2025\/05\/csm_Header_Move_to_Cargo_86db372170.png\" width=\"1200\" height=\"507\" alt=\"Move to Cargo project\" srcset=\"https:\/\/sucolo.eu\/wp-content\/uploads\/2025\/05\/csm_Header_Move_to_Cargo_86db372170.png 1200w, https:\/\/sucolo.eu\/wp-content\/uploads\/2025\/05\/csm_Header_Move_to_Cargo_86db372170-300x127.png 300w, https:\/\/sucolo.eu\/wp-content\/uploads\/2025\/05\/csm_Header_Move_to_Cargo_86db372170-1024x433.png 1024w, https:\/\/sucolo.eu\/wp-content\/uploads\/2025\/05\/csm_Header_Move_to_Cargo_86db372170-768x324.png 768w\" sizes=\"auto, (max-width: 1200px) 100vw, 1200px\" \/><\/span><\/figure><\/div>\n\n\n\n<figure class=\"wp-block-video\"><video height=\"720\" style=\"aspect-ratio: 1280 \/ 720;\" width=\"1280\" controls src=\"https:\/\/sucolo.eu\/wp-content\/uploads\/2025\/08\/VIDEO-HQ-Move-to-Cargo-Cargobike-sharing-1-3.mp4\"><\/video><\/figure>\n\n\n\n<p><strong>Move 2 Cargo<\/strong> offre supporto personalizzato a comuni, aziende e fornitori di servizi logistici per facilitare la transizione verso una <strong>mobilit\u00e0 a basse emissioni<\/strong>. Promuove infrastrutture moderne, soluzioni pratiche e consapevolezza ambientale, rafforzando l\u2019impegno dell\u2019Alto Adige per un futuro della mobilit\u00e0 pi\u00f9 intelligente e sostenibile.<\/p>\n\n\n\n<p>Inoltre, sono stati individuati e valutati i Punti di Interesse (POI) \u2013 ovvero luoghi nelle vicinanze con rilevanza funzionale, sociale o economica per gli utenti del sito. Ogni POI \u00e8 stato classificato (ad es. come attivit\u00e0 partecipante, parcheggio, ecc.) e valutato in base ad attributi di accessibilit\u00e0 come livello di conformit\u00e0, barriere e servizi disponibili in una mappa interattiva. Per i POI pi\u00f9 pertinenti ai progetti pilota SuCoLo, sono stati sviluppati piani di adattamento standardizzati per l\u2019eliminazione delle barriere architettoniche (noti come PEBA), che affrontano le lacune di accessibilit\u00e0 architettonica, sensoriale e informativa (per ulteriori informazioni, si veda il Deliverable 4.1 \u201cMappatura georeferenziata dei POI in relazione all\u2019accessibilit\u00e0 e piani di adattamento standardizzati (PEBA) in caso di barriere\u201d). Consulta qui la mappa interattiva dei POI: disponibile in <a href=\"https:\/\/sucolo.independent.it\/\">italiano<\/a> e <a href=\"https:\/\/sucolo.independent.it\/de\/\">tedesco<\/a>.<\/p>\n","protected":false},"excerpt":{"rendered":"<p>Il progetto pilota di Merano mira a testare l&#8217;integrazione delle cargo bike nel sistema pubblico di bike sharing, con l&#8217;obiettivo [&hellip;]<\/p>\n","protected":false},"author":1,"featured_media":0,"parent":1495,"menu_order":0,"comment_status":"closed","ping_status":"closed","template":"","meta":{"site-sidebar-layout":"default","site-content-layout":"","ast-site-content-layout":"","site-content-style":"default","site-sidebar-style":"default","ast-global-header-display":"","ast-banner-title-visibility":"","ast-main-header-display":"","ast-hfb-above-header-display":"","ast-hfb-below-header-display":"","ast-hfb-mobile-header-display":"","site-post-title":"","ast-breadcrumbs-content":"","ast-featured-img":"","footer-sml-layout":"","theme-transparent-header-meta":"","adv-header-id-meta":"","stick-header-meta":"","header-above-stick-meta":"","header-main-stick-meta":"","header-below-stick-meta":"","astra-migrate-meta-layouts":"default","ast-page-background-enabled":"default","ast-page-background-meta":{"desktop":{"background-color":"var(--ast-global-color-4)","background-image":"","background-repeat":"repeat","background-position":"center center","background-size":"auto","background-attachment":"scroll","background-type":"","background-media":"","overlay-type":"","overlay-color":"","overlay-gradient":""},"tablet":{"background-color":"","background-image":"","background-repeat":"repeat","background-position":"center center","background-size":"auto","background-attachment":"scroll","background-type":"","background-media":"","overlay-type":"","overlay-color":"","overlay-gradient":""},"mobile":{"background-color":"","background-image":"","background-repeat":"repeat","background-position":"center center","background-size":"auto","background-attachment":"scroll","background-type":"","background-media":"","overlay-type":"","overlay-color":"","overlay-gradient":""}},"ast-content-background-meta":{"desktop":{"background-color":"var(--ast-global-color-5)","background-image":"","background-repeat":"repeat","background-position":"center center","background-size":"auto","background-attachment":"scroll","background-type":"","background-media":"","overlay-type":"","overlay-color":"","overlay-gradient":""},"tablet":{"background-color":"var(--ast-global-color-5)","background-image":"","background-repeat":"repeat","background-position":"center center","background-size":"auto","background-attachment":"scroll","background-type":"","background-media":"","overlay-type":"","overlay-color":"","overlay-gradient":""},"mobile":{"background-color":"var(--ast-global-color-5)","background-image":"","background-repeat":"repeat","background-position":"center center","background-size":"auto","background-attachment":"scroll","background-type":"","background-media":"","overlay-type":"","overlay-color":"","overlay-gradient":""}},"footnotes":""},"class_list":["post-1497","page","type-page","status-publish","hentry"],"_links":{"self":[{"href":"https:\/\/sucolo.eu\/it\/wp-json\/wp\/v2\/pages\/1497","targetHints":{"allow":["GET"]}}],"collection":[{"href":"https:\/\/sucolo.eu\/it\/wp-json\/wp\/v2\/pages"}],"about":[{"href":"https:\/\/sucolo.eu\/it\/wp-json\/wp\/v2\/types\/page"}],"author":[{"embeddable":true,"href":"https:\/\/sucolo.eu\/it\/wp-json\/wp\/v2\/users\/1"}],"replies":[{"embeddable":true,"href":"https:\/\/sucolo.eu\/it\/wp-json\/wp\/v2\/comments?post=1497"}],"version-history":[{"count":5,"href":"https:\/\/sucolo.eu\/it\/wp-json\/wp\/v2\/pages\/1497\/revisions"}],"predecessor-version":[{"id":2415,"href":"https:\/\/sucolo.eu\/it\/wp-json\/wp\/v2\/pages\/1497\/revisions\/2415"}],"up":[{"embeddable":true,"href":"https:\/\/sucolo.eu\/it\/wp-json\/wp\/v2\/pages\/1495"}],"wp:attachment":[{"href":"https:\/\/sucolo.eu\/it\/wp-json\/wp\/v2\/media?parent=1497"}],"curies":[{"name":"wp","href":"https:\/\/api.w.org\/{rel}","templated":true}]}}