{"id":493,"date":"2024-01-31T13:31:52","date_gmt":"2024-01-31T13:31:52","guid":{"rendered":"https:\/\/sucolo.eu\/?page_id=493"},"modified":"2025-06-02T09:10:20","modified_gmt":"2025-06-02T09:10:20","slug":"privacy-policy","status":"publish","type":"page","link":"https:\/\/sucolo.eu\/it\/privacy-policy\/","title":{"rendered":"Informativa sulla privacy"},"content":{"rendered":"\n<p>Stato: 2 giugno 2025<\/p>\n\n\n\n<p>Prendiamo molto sul serio la protezione dei vostri dati personali. Trattiamo i vostri dati personali in conformit\u00e0 con le disposizioni di legge sulla protezione dei dati e con la presente dichiarazione sulla protezione dei dati. Il nostro sito web pu\u00f2 essere utilizzato senza fornire dati personali. Se sulle nostre pagine vengono raccolti dati personali (ad es. nome, indirizzo o indirizzo e-mail), ci\u00f2 avviene sempre su base volontaria, a meno che non sia assolutamente necessario per il funzionamento del sito.<\/p>\n\n\n\n<p>Questo sito web utilizza i vostri dati con parsimonia e tratta solo i dati tecnicamente necessari che non richiedono il vostro consenso. Pertanto, questo sito web non dispone di una \u201cCookie-Bar\u201d per ottenere il vostro consenso.<\/p>\n\n\n\n<h2 class=\"wp-block-heading\">Responsabile<\/h2>\n\n\n\n<p>Salzburg Research Forschungsgesellschaft m.b.H., Jakob Haringer Stra\u00dfe 5\/3, 5020 Salzburg, info@salzburgresearch.at, 0662\/2288-0 \u00e8 responsabile del trattamento dei vostri dati personali su questo sito web.<\/p>\n\n\n\n<h2 class=\"wp-block-heading\">Hosting<\/h2>\n\n\n\n<p>Questo sito web \u00e8 ospitato dalla stessa Salzburg Research. Trattiamo i dati personali di connessione ai fini della sicurezza dei dati e dei guasti per un periodo massimo di 7 giorni.<\/p>\n\n\n\n<p>La base giuridica per il trattamento \u00e8 il nostro legittimo interesse ai sensi dell&#8217;Art. 6 para. 1 lit. f DSGVO (misure tecniche di sicurezza).<\/p>\n\n\n\n<h2 class=\"wp-block-heading\">File di log del server<\/h2>\n\n\n\n<p>Elaboriamo i dati personali come l&#8217;indirizzo IP in un file di log del server per un periodo massimo di 7 giorni allo scopo di monitorare il funzionamento tecnico e aumentare la sicurezza operativa sulla base giuridica dell&#8217;interesse giustificato ai sensi dell&#8217;Art. 6 Para. 6 Para. 1 lif. f DSGVO (misure tecniche di sicurezza).<\/p>\n\n\n\n<ul class=\"wp-block-list\">\n<li>Timestamp (data e ora dell&#8217;hit)<\/li>\n\n\n\n<li>Tipo di richiesta dell&#8217;utente<\/li>\n\n\n\n<li>IP dell&#8217;utente<\/li>\n\n\n\n<li>informazioni sul referrer dell&#8217;utente (cio\u00e8 la fonte dell&#8217;accesso)<\/li>\n\n\n\n<li>Client dell&#8217;utente (tipo di client, versione del client)<\/li>\n\n\n\n<li>Sistema operativo dell&#8217;utente (dispositivo, versione del sistema operativo del dispositivo)<\/li>\n<\/ul>\n\n\n\n<h2 class=\"wp-block-heading\">Modulo di contatto<\/h2>\n\n\n\n<p>Una volta inviato il modulo di contatto, i dati forniti saranno trattati dal titolare del trattamento per rispondere alla vostra richiesta. I dati saranno trasmessi al consorzio del progetto SuCoLo.<\/p>\n\n\n\n<p>Non esiste alcun obbligo legale o contrattuale di fornire i dati personali. L&#8217;unica conseguenza del mancato conferimento \u00e8 l&#8217;impossibilit\u00e0 di rispondere alla richiesta. Avete il diritto di revocare o di opporvi alla memorizzazione dei vostri dati personali in qualsiasi momento mediante notifica scritta, senza che ci\u00f2 influisca sulla legalit\u00e0 del trattamento effettuato sulla base del consenso fino alla revoca.<\/p>\n\n\n\n<h2 class=\"wp-block-heading\">Servizi della mappa<\/h2>\n\n\n\n<p>Su questo sito web utilizziamo i servizi di fornitori di carte sotto forma di embedding iFrame. Questo ci permette di visualizzare mappe interattive direttamente sul sito web e di utilizzare comodamente le funzioni delle mappe.<\/p>\n\n\n\n<h3 class=\"wp-block-heading\">Google Maps<\/h3>\n\n\n\n<p>Elaboriamo i dati di connessione e i dati del browser in qualit\u00e0 di corresponsabile con Google Ireland Limited, Gordon House, Barrow Street, Dublino 4, Irlanda allo scopo di visualizzare una mappa interattiva per la durata della visualizzazione della mappa. Consentiamo a Google Maps di collocare dei cookie sul PC dell&#8217;utente e di calcolare un ID utente per identificare in modo univoco l&#8217;utente all&#8217;interno della rete pubblicitaria di Google.<\/p>\n\n\n\n<p>Il fondamento giuridico per il trattamento \u00e8 il consenso dato dall&#8217;utente ai sensi del \u00a7 96 para. 3 TKG ivm. Art. 6 para. 1 lit. a DSGVO.<\/p>\n\n\n\n<p>Google Maps \u00e8 l&#8217;unico responsabile dell&#8217;ulteriore elaborazione indipendente dei dati da parte di Google Maps, in particolare nell&#8217;ambito della rete pubblicitaria di Google. I dettagli sono riportati nella <a href=\"https:\/\/policies.google.com\/privacy?gl=AT&amp;hl=de#intro\">dichiarazione sulla protezione dei dati di Google Maps.<\/a><\/p>\n\n\n\n<h2 class=\"wp-block-heading\">Servizi video<\/h2>\n\n\n\n<p>Sul nostro sito web, vi offriamo la possibilit\u00e0 di guardare i nostri video di YouTube direttamente tramite un embedding iFrame. Dopo aver concesso il vostro consenso ai sensi dell&#8217;Art. 6 Para. 1 lit a DSGVO, consentiamo al fornitore di servizi Google Ireland Limited, Gordon House, Barrow Street, Dublino 4, Irlanda di raccogliere i vostri dati personali ai fini della riproduzione del video per la durata dell&#8217;accesso al sito web. Non elaboriamo n\u00e9 memorizziamo i dati raccolti da Google. Il vostro consenso \u00e8 valido solo fino all&#8217;uscita dal sito web in questione e non verr\u00e0 memorizzato.<\/p>\n\n\n\n<p>Utilizziamo i seguenti servizi:<\/p>\n\n\n\n<p>Servizio: Youtube<br>Operatore: Google Ireland Limited, Gordon House, Barrow Street, Dublino 4, Irlanda<br>Informativa sulla privacy: <a href=\"https:\/\/policies.google.com\/privacy?gl=AT&amp;hl=en#intro\">https:\/\/policies.google.com\/privacy?gl=AT&amp;hl=en#intro<\/a><\/p>\n\n\n\n<h2 class=\"wp-block-heading\">Servizi di analisi<\/h2>\n\n\n\n<p>Sul nostro sito web utilizziamo servizi di analisi per analizzare l&#8217;utilizzo del sito, correggere gli errori e sviluppare ulteriormente i contenuti.<\/p>\n\n\n\n<h3 class=\"wp-block-heading\">Software di analisi locale<\/h3>\n\n\n\n<p>Utilizzando un software di analisi locale, elaboriamo i dati di connessione e i dati del browser allo scopo di analizzare l&#8217;utilizzo del nostro sito web, correggere gli errori e sviluppare ulteriormente i contenuti, fino al punto di obiezione.<\/p>\n\n\n\n<p>La base giuridica del trattamento \u00e8 la necessit\u00e0 tecnica del trattamento dei dati di analisi ai sensi del \u00a7 96 Abs. 3 TKG ivm. in relazione all&#8217;Art. 6 Abs. 1 lit. f DSGVO, che \u00e8 assolutamente necessario per fornire il servizio di un sito web esplicitamente richiesto dagli utenti.<\/p>\n\n\n\n<div id=\"matomo-opt-out\"><\/div>\n<script src=\"https:\/\/stats.salzburgresearch.at\/index.php?module=CoreAdminHome&#038;action=optOutJS&#038;divId=matomo-opt-out&#038;language=auto&#038;showIntro=1\"><\/script>\n\n\n\n<div style=\"height:20px\" aria-hidden=\"true\" class=\"wp-block-spacer\"><\/div>\n\n\n\n<h2 class=\"wp-block-heading\">Diritto di obiezione<\/h2>\n\n\n\n<p>Se il trattamento dei vostri dati personali avviene sulla base di un interesse legittimo, avete il diritto di opporvi a tale trattamento. Se da parte nostra non sussistono motivi impellenti e degni di tutela per il trattamento, l&#8217;elaborazione dei vostri dati sar\u00e0 interrotta sulla base di questa base giuridica.<\/p>\n\n\n\n<p>L&#8217;obiezione non pregiudica la legittimit\u00e0 dei dati elaborati fino al momento dell&#8217;obiezione.<\/p>\n\n\n\n<h2 class=\"wp-block-heading\">Diritto di recesso<\/h2>\n\n\n\n<p>L&#8217;utente ha il diritto di revocare in qualsiasi momento il consenso prestato. In caso di consenso scritto, la revoca pu\u00f2 essere effettuata solo per iscritto; in caso di consenso a ricevere pubblicit\u00e0 elettronica, \u00e8 possibile farlo anche cliccando sul link di cancellazione. In questo caso, il trattamento sar\u00e0 interrotto, a meno che non vi sia un&#8217;altra base giuridica.<\/p>\n\n\n\n<p>La revoca non pregiudica la legittimit\u00e0 dei dati trattati fino alla revoca.<\/p>\n\n\n\n<h2 class=\"wp-block-heading\">Diritti interessati<\/h2>\n\n\n\n<p>Avete diritto all&#8217;informazione, alla correzione, alla cancellazione e alla limitazione del trattamento dei dati personali.<\/p>\n\n\n\n<p>Se la base giuridica del trattamento dei vostri dati personali \u00e8 costituita dal vostro consenso o da un contratto stipulato con voi, avete anche il diritto alla trasferibilit\u00e0 dei dati.<\/p>\n\n\n\n<p>Avete il diritto di revocare il consenso che avete dato al trattamento dei vostri dati personali. La legittimit\u00e0 del trattamento dei dati personali fino alla revoca non \u00e8 pregiudicata dalla revoca stessa.<\/p>\n\n\n\n<p>Avete il diritto di opporvi al trattamento dei vostri dati personali a fini di marketing diretto. In caso di opposizione, i vostri dati personali non saranno pi\u00f9 trattati a scopo di pubblicit\u00e0 diretta.<\/p>\n\n\n\n<p>Inoltre, avete il diritto di presentare un reclamo all&#8217;autorit\u00e0 di controllo. I dati di contatto dell&#8217;Autorit\u00e0 austriaca per la protezione dei dati sono i seguenti: Autorit\u00e0 austriaca per la protezione dei dati, Barichgasse 40-42, A-1030 Vienna.<\/p>\n","protected":false},"excerpt":{"rendered":"<p>Stato: 2 giugno 2025 Prendiamo molto sul serio la protezione dei vostri dati personali. Trattiamo i vostri dati personali in [&hellip;]<\/p>\n","protected":false},"author":3,"featured_media":0,"parent":0,"menu_order":0,"comment_status":"closed","ping_status":"open","template":"","meta":{"site-sidebar-layout":"default","site-content-layout":"","ast-site-content-layout":"","site-content-style":"default","site-sidebar-style":"default","ast-global-header-display":"","ast-banner-title-visibility":"","ast-main-header-display":"","ast-hfb-above-header-display":"","ast-hfb-below-header-display":"","ast-hfb-mobile-header-display":"","site-post-title":"","ast-breadcrumbs-content":"","ast-featured-img":"","footer-sml-layout":"","theme-transparent-header-meta":"","adv-header-id-meta":"","stick-header-meta":"","header-above-stick-meta":"","header-main-stick-meta":"","header-below-stick-meta":"","astra-migrate-meta-layouts":"default","ast-page-background-enabled":"default","ast-page-background-meta":{"desktop":{"background-color":"var(--ast-global-color-4)","background-image":"","background-repeat":"repeat","background-position":"center center","background-size":"auto","background-attachment":"scroll","background-type":"","background-media":"","overlay-type":"","overlay-color":"","overlay-gradient":""},"tablet":{"background-color":"","background-image":"","background-repeat":"repeat","background-position":"center center","background-size":"auto","background-attachment":"scroll","background-type":"","background-media":"","overlay-type":"","overlay-color":"","overlay-gradient":""},"mobile":{"background-color":"","background-image":"","background-repeat":"repeat","background-position":"center center","background-size":"auto","background-attachment":"scroll","background-type":"","background-media":"","overlay-type":"","overlay-color":"","overlay-gradient":""}},"ast-content-background-meta":{"desktop":{"background-color":"var(--ast-global-color-5)","background-image":"","background-repeat":"repeat","background-position":"center center","background-size":"auto","background-attachment":"scroll","background-type":"","background-media":"","overlay-type":"","overlay-color":"","overlay-gradient":""},"tablet":{"background-color":"var(--ast-global-color-5)","background-image":"","background-repeat":"repeat","background-position":"center center","background-size":"auto","background-attachment":"scroll","background-type":"","background-media":"","overlay-type":"","overlay-color":"","overlay-gradient":""},"mobile":{"background-color":"var(--ast-global-color-5)","background-image":"","background-repeat":"repeat","background-position":"center center","background-size":"auto","background-attachment":"scroll","background-type":"","background-media":"","overlay-type":"","overlay-color":"","overlay-gradient":""}},"footnotes":""},"class_list":["post-493","page","type-page","status-publish","hentry"],"_links":{"self":[{"href":"https:\/\/sucolo.eu\/it\/wp-json\/wp\/v2\/pages\/493","targetHints":{"allow":["GET"]}}],"collection":[{"href":"https:\/\/sucolo.eu\/it\/wp-json\/wp\/v2\/pages"}],"about":[{"href":"https:\/\/sucolo.eu\/it\/wp-json\/wp\/v2\/types\/page"}],"author":[{"embeddable":true,"href":"https:\/\/sucolo.eu\/it\/wp-json\/wp\/v2\/users\/3"}],"replies":[{"embeddable":true,"href":"https:\/\/sucolo.eu\/it\/wp-json\/wp\/v2\/comments?post=493"}],"version-history":[{"count":5,"href":"https:\/\/sucolo.eu\/it\/wp-json\/wp\/v2\/pages\/493\/revisions"}],"predecessor-version":[{"id":2077,"href":"https:\/\/sucolo.eu\/it\/wp-json\/wp\/v2\/pages\/493\/revisions\/2077"}],"wp:attachment":[{"href":"https:\/\/sucolo.eu\/it\/wp-json\/wp\/v2\/media?parent=493"}],"curies":[{"name":"wp","href":"https:\/\/api.w.org\/{rel}","templated":true}]}}