{"id":1511,"date":"2025-05-05T13:23:49","date_gmt":"2025-05-05T13:23:49","guid":{"rendered":"https:\/\/sucolo.eu\/?page_id=1511"},"modified":"2025-08-19T07:01:06","modified_gmt":"2025-08-19T07:01:06","slug":"leipzig-2","status":"publish","type":"page","link":"https:\/\/sucolo.eu\/sv\/research-pilots-2\/leipzig-2\/","title":{"rendered":"Leipzig"},"content":{"rendered":"\n<p>Vi planerar att unders\u00f6ka olika platser i stadens utkanter f\u00f6r att se hur l\u00e4tt personer med funktionsvariationer (och andra) kan ta sig till potentiella upph\u00e4mtningsstationer f\u00f6r varor utan att m\u00f6ta fysiska hinder. <strong>Leipzig Logistics Living Lab<\/strong>, som drivs av <strong>ULEI<\/strong>, kommer att samarbeta med lokala inv\u00e5nare och andra intressenter f\u00f6r att utveckla koncept f\u00f6r upph\u00e4mtningsstationer och ett mindre leveranshubb som ocks\u00e5 ska fungera som en m\u00f6tesplats f\u00f6r omr\u00e5det.<\/p>\n\n\n\n<p>I samarbete med n\u00e4tbutiken <strong>Locally Happy<\/strong> och cykelbudtj\u00e4nsten <strong>Fulmo<\/strong> kommer vi att testa och utv\u00e4rdera varuleveranser med cykel och lastcykel. Detta innefattar transporter fr\u00e5n butiker till det lilla hubbet och vidare till kunder eller upph\u00e4mtningsstationer. Dessutom kommer vi att anv\u00e4nda <strong>Locally Happy<\/strong>-plattformen f\u00f6r att testa digitala metoder som uppmuntrar m\u00e4nniskor till milj\u00f6v\u00e4nliga val, med st\u00f6d av expertisen fr\u00e5n <strong>VIA<\/strong> och <strong>SRFG<\/strong>.<\/p>\n\n\n\n<script type=\"text\/javascript\">\n  function changeUrl() {\n    var site = \"https:\/\/cms4vr.independent.it\/hotels\/sucolo-leipzig\/link\/688217c516c67\";\n    document.getElementById(\"blur\").style.display = \"none\"; \n    document.getElementById(\"gdpr\").style.display = \"none\"; \n    document.getElementById(\"mapbutton\").style.display = \"none\"; \n    document.getElementById(\"iFrameMap\").style.display = \"unset\"; \n    document.getElementsByName('iFrameMap')[0].src = site;\n  }\n<\/script>\n\n<div>  \n  <p id=\"gdpr\">\n    Om du klickar p\u00e5 knappen kommer externt inneh\u00e5ll fr\u00e5n independent.it att laddas. \n    L\u00e4s <a href=\"https:\/\/www.independent.it\/de\/privacy\" target=\"blank\">integritetspolicyn<\/a> f\u00f6r independent.it f\u00f6r mer information.\n  <\/p>\n  <button onclick=\"changeUrl()\" id=\"mapbutton\">Ladda 3D-tur<\/button>\n  <br \/>\n  <iframe name=\"iFrameMap\" width=\"1200\" height=\"600\" id=\"iFrameMap\" style=\"display: none; margin-top: 25px\"><\/iframe>\n  <img decoding=\"async\" src=\"https:\/\/sucolo.eu\/wp-content\/uploads\/2025\/07\/leipzig-blur.jpg\" alt=\"Karta\" id=\"blur\" style=\"margin-top: 25px\" onclick=\"changeUrl()\" \/>\n<\/div>\n\n\n\n<p>Dessutom identifierades och utv\u00e4rderades intressanta platser (POI:er) \u2013 det vill s\u00e4ga n\u00e4rliggande platser med funktionell, social eller ekonomisk relevans f\u00f6r webbplatsens anv\u00e4ndare. Varje POI klassificerades (t.ex. som deltagande f\u00f6retag, parkeringsplats osv.) och bed\u00f6mdes utifr\u00e5n tillg\u00e4nglighetsattribut som grad av tillg\u00e4nglighetsanpassning, hinder och tillg\u00e4ngliga tj\u00e4nster i en interaktiv karta. F\u00f6r de POI:er som \u00e4r mest relevanta f\u00f6r SuCoLo-piloterna utvecklades standardiserade anpassningsplaner f\u00f6r att eliminera arkitektoniska hinder (k\u00e4nda som PEBA), som tar upp arkitektoniska, sensoriska och informativa tillg\u00e4nglighetsluckor (f\u00f6r vidare information, se Leverans 4.1 \u201dGeorefererad kartl\u00e4ggning av POI:er g\u00e4llande tillg\u00e4nglighet och standardiserade anpassningsplaner (PEBA) vid hinder\u201d). Se den interaktiva kartan \u00f6ver POI:er h\u00e4r: tillg\u00e4nglig p\u00e5 <a href=\"https:\/\/sucolo.independent.it\/lipsia\/\">italienska<\/a> och <a href=\"https:\/\/sucolo.independent.it\/de\/leipzig\/\">tyska<\/a>.<\/p>\n","protected":false},"excerpt":{"rendered":"<p>Vi planerar att unders\u00f6ka olika platser i stadens utkanter f\u00f6r att se hur l\u00e4tt personer med funktionsvariationer (och andra) kan [&hellip;]<\/p>\n","protected":false},"author":1,"featured_media":0,"parent":1514,"menu_order":0,"comment_status":"closed","ping_status":"closed","template":"","meta":{"site-sidebar-layout":"default","site-content-layout":"","ast-site-content-layout":"","site-content-style":"default","site-sidebar-style":"default","ast-global-header-display":"","ast-banner-title-visibility":"","ast-main-header-display":"","ast-hfb-above-header-display":"","ast-hfb-below-header-display":"","ast-hfb-mobile-header-display":"","site-post-title":"","ast-breadcrumbs-content":"","ast-featured-img":"","footer-sml-layout":"","theme-transparent-header-meta":"","adv-header-id-meta":"","stick-header-meta":"","header-above-stick-meta":"","header-main-stick-meta":"","header-below-stick-meta":"","astra-migrate-meta-layouts":"default","ast-page-background-enabled":"default","ast-page-background-meta":{"desktop":{"background-color":"var(--ast-global-color-4)","background-image":"","background-repeat":"repeat","background-position":"center center","background-size":"auto","background-attachment":"scroll","background-type":"","background-media":"","overlay-type":"","overlay-color":"","overlay-gradient":""},"tablet":{"background-color":"","background-image":"","background-repeat":"repeat","background-position":"center center","background-size":"auto","background-attachment":"scroll","background-type":"","background-media":"","overlay-type":"","overlay-color":"","overlay-gradient":""},"mobile":{"background-color":"","background-image":"","background-repeat":"repeat","background-position":"center center","background-size":"auto","background-attachment":"scroll","background-type":"","background-media":"","overlay-type":"","overlay-color":"","overlay-gradient":""}},"ast-content-background-meta":{"desktop":{"background-color":"var(--ast-global-color-5)","background-image":"","background-repeat":"repeat","background-position":"center center","background-size":"auto","background-attachment":"scroll","background-type":"","background-media":"","overlay-type":"","overlay-color":"","overlay-gradient":""},"tablet":{"background-color":"var(--ast-global-color-5)","background-image":"","background-repeat":"repeat","background-position":"center center","background-size":"auto","background-attachment":"scroll","background-type":"","background-media":"","overlay-type":"","overlay-color":"","overlay-gradient":""},"mobile":{"background-color":"var(--ast-global-color-5)","background-image":"","background-repeat":"repeat","background-position":"center center","background-size":"auto","background-attachment":"scroll","background-type":"","background-media":"","overlay-type":"","overlay-color":"","overlay-gradient":""}},"footnotes":""},"class_list":["post-1511","page","type-page","status-publish","hentry"],"_links":{"self":[{"href":"https:\/\/sucolo.eu\/sv\/wp-json\/wp\/v2\/pages\/1511","targetHints":{"allow":["GET"]}}],"collection":[{"href":"https:\/\/sucolo.eu\/sv\/wp-json\/wp\/v2\/pages"}],"about":[{"href":"https:\/\/sucolo.eu\/sv\/wp-json\/wp\/v2\/types\/page"}],"author":[{"embeddable":true,"href":"https:\/\/sucolo.eu\/sv\/wp-json\/wp\/v2\/users\/1"}],"replies":[{"embeddable":true,"href":"https:\/\/sucolo.eu\/sv\/wp-json\/wp\/v2\/comments?post=1511"}],"version-history":[{"count":4,"href":"https:\/\/sucolo.eu\/sv\/wp-json\/wp\/v2\/pages\/1511\/revisions"}],"predecessor-version":[{"id":2376,"href":"https:\/\/sucolo.eu\/sv\/wp-json\/wp\/v2\/pages\/1511\/revisions\/2376"}],"up":[{"embeddable":true,"href":"https:\/\/sucolo.eu\/sv\/wp-json\/wp\/v2\/pages\/1514"}],"wp:attachment":[{"href":"https:\/\/sucolo.eu\/sv\/wp-json\/wp\/v2\/media?parent=1511"}],"curies":[{"name":"wp","href":"https:\/\/api.w.org\/{rel}","templated":true}]}}