{"id":1512,"date":"2025-05-12T09:56:53","date_gmt":"2025-05-12T09:56:53","guid":{"rendered":"https:\/\/sucolo.eu\/?page_id=1512"},"modified":"2025-08-25T10:02:15","modified_gmt":"2025-08-25T10:02:15","slug":"merano-2","status":"publish","type":"page","link":"https:\/\/sucolo.eu\/sv\/research-pilots-2\/merano-2\/","title":{"rendered":"Merano"},"content":{"rendered":"\n<p>Forskningspiloten i <strong>Merano<\/strong> testar hur <strong>lastcyklar<\/strong> kan integreras i stadens befintliga cykeldelningssystem f\u00f6r att m\u00f6jligg\u00f6ra mer <strong>milj\u00f6v\u00e4nliga och inkluderande leveransl\u00f6sningar<\/strong>. Projektet omfattar utvecklingen av ett <strong>digitalt bokningssystem<\/strong> och praktiska tester f\u00f6r att utv\u00e4rdera anv\u00e4ndarv\u00e4nlighet och effektivitet. En viktig del av projektet \u00e4r samarbetet med en <strong>lokal verksamhet<\/strong> som anv\u00e4nder <strong>Fix-lastcykelleverans<\/strong> f\u00f6r att distribuera regionala produkter p\u00e5 ett h\u00e5llbart s\u00e4tt. Syftet \u00e4r att minska trafik och utsl\u00e4pp i staden genom att fr\u00e4mja gr\u00f6na leveransalternativ. Lokala butiker deltar genom att erbjuda b\u00e5de <strong>h\u00e5llbara leveransmetoder<\/strong> och traditionella alternativ, vilket s\u00e4kerst\u00e4ller att tj\u00e4nsten \u00e4r <strong>tillg\u00e4nglig f\u00f6r alla kundgrupper<\/strong>. P\u00e5 s\u00e5 s\u00e4tt kan projektet analysera b\u00e5de anv\u00e4ndarnas respons och logistiska effekter.<\/p>\n\n\n\n<figure class=\"wp-block-video\"><video height=\"720\" style=\"aspect-ratio: 1280 \/ 720;\" width=\"1280\" controls src=\"https:\/\/sucolo.eu\/wp-content\/uploads\/2025\/08\/VIDEO-HQ-Move-to-Cargo-Lieferung-per-Fahrrad-4.mp4\"><\/video><\/figure>\n\n\n\n<p>En <strong>prototypstation<\/strong> kommer att etableras i omr\u00e5det <strong>Maia Bassa\/Untermais<\/strong> \u2013 som b\u00e5de fungerar som en <strong>upph\u00e4mtningspunkt<\/strong> f\u00f6r leveranser och som en <strong>m\u00f6tesplats f\u00f6r samh\u00e4llet<\/strong>, med utrymme f\u00f6r sociala och kulturella aktiviteter.<\/p>\n\n\n\n<p>Stationens utformning sker i samarbete med inv\u00e5nare och lokala akt\u00f6rer genom en <strong>deltagardriven designprocess<\/strong>. Tillg\u00e4nglighet, estetik och <strong>inkludering av personer med funktionsvariationer<\/strong> \u00e4r centrala i projektets planering.<\/p>\n\n\n\n<script type=\"text\/javascript\">\n  function changeUrl() {\n    var site = \"https:\/\/cms4vr.independent.it\/hotels\/sucolo-meran\/\";\n    document.getElementById(\"blur\").style.display = \"none\"; \n    document.getElementById(\"gdpr\").style.display = \"none\"; \n    document.getElementById(\"mapbutton\").style.display = \"none\"; \n    document.getElementById(\"iFrameMap\").style.display = \"unset\"; \n    document.getElementsByName('iFrameMap')[0].src = site;\n  }\n<\/script>\n\n<div>  \n  <p id=\"gdpr\">\n    Om du klickar p\u00e5 knappen kommer externt inneh\u00e5ll fr\u00e5n independent.it att laddas. \n    L\u00e4s g\u00e4rna <a href=\"https:\/\/www.independent.it\/de\/privacy\" target=\"blank\">integritetspolicyn<\/a> f\u00f6r independent.it f\u00f6r mer information.\n  <\/p>\n  <button onclick=\"changeUrl()\" id=\"mapbutton\">Ladda 3D-tur<\/button>\n  <br \/>\n  <iframe name=\"iFrameMap\" width=\"1200\" height=\"600\" id=\"iFrameMap\" style=\"display: none; margin-top: 25px\"><\/iframe>\n  <img decoding=\"async\" src=\"https:\/\/sucolo.eu\/wp-content\/uploads\/2025\/07\/merano-blur.jpg\" alt=\"Karta\" id=\"blur\" style=\"margin-top: 25px\" onclick=\"changeUrl()\" \/>\n<\/div>\n\n\n\n<hr class=\"wp-block-separator has-alpha-channel-opacity\"\/>\n\n\n\n<p>Projektet \u00e4r en del av den bredare regionala satsningen <strong><a class=\"\" href=\"https:\/\/www.suedtirolmobil.info\/de\/projekte\/fahrradmobilitaet\/move-to-cargo\">Move 2 Cargo<\/a><\/strong> som leds av <strong>s\u00fcdtirolmobil<\/strong> och syftar till att <strong>integrera lastcyklar i vardagsmobilitet och leveranstj\u00e4nster<\/strong> i Sydtyrolen.<\/p>\n\n\n\n<div class=\"wp-block-stackable-image stk-block-image stk-block stk-dfa3e2d\" data-block-id=\"dfa3e2d\"><figure><span class=\"stk-img-wrapper stk-image--shape-stretch\"><img loading=\"lazy\" decoding=\"async\" class=\"stk-img wp-image-1462\" src=\"https:\/\/sucolo.eu\/wp-content\/uploads\/2025\/05\/csm_Header_Move_to_Cargo_86db372170.png\" width=\"1200\" height=\"507\" alt=\"Move to Cargo project\" srcset=\"https:\/\/sucolo.eu\/wp-content\/uploads\/2025\/05\/csm_Header_Move_to_Cargo_86db372170.png 1200w, https:\/\/sucolo.eu\/wp-content\/uploads\/2025\/05\/csm_Header_Move_to_Cargo_86db372170-300x127.png 300w, https:\/\/sucolo.eu\/wp-content\/uploads\/2025\/05\/csm_Header_Move_to_Cargo_86db372170-1024x433.png 1024w, https:\/\/sucolo.eu\/wp-content\/uploads\/2025\/05\/csm_Header_Move_to_Cargo_86db372170-768x324.png 768w\" sizes=\"auto, (max-width: 1200px) 100vw, 1200px\" \/><\/span><\/figure><\/div>\n\n\n\n<figure class=\"wp-block-video\"><video height=\"720\" style=\"aspect-ratio: 1280 \/ 720;\" width=\"1280\" controls src=\"https:\/\/sucolo.eu\/wp-content\/uploads\/2025\/08\/VIDEO-HQ-Move-to-Cargo-Cargobike-sharing-1-4.mp4\"><\/video><\/figure>\n\n\n\n<p><strong>Move 2 Cargo<\/strong> st\u00f6djer kommuner, f\u00f6retag och logistikakt\u00f6rer i \u00f6verg\u00e5ngen till <strong>l\u00e5gutsl\u00e4ppstransporter<\/strong> genom praktiska testl\u00f6sningar, r\u00e5dgivning och infrastrukturutveckling. Satsningen \u00e4r en del av en st\u00f6rre vision f\u00f6r ett mer <strong>klimatsmart, tillg\u00e4ngligt och h\u00e5llbart transportsystem<\/strong> i regionen.<\/p>\n\n\n\n<p>Dessutom identifierades och utv\u00e4rderades intressanta platser (POI:er) \u2013 det vill s\u00e4ga n\u00e4rliggande platser med funktionell, social eller ekonomisk relevans f\u00f6r webbplatsens anv\u00e4ndare. Varje POI klassificerades (t.ex. som deltagande f\u00f6retag, parkeringsplats osv.) och bed\u00f6mdes utifr\u00e5n tillg\u00e4nglighetsattribut som grad av tillg\u00e4nglighetsanpassning, hinder och tillg\u00e4ngliga tj\u00e4nster i en interaktiv karta. F\u00f6r de POI:er som \u00e4r mest relevanta f\u00f6r SuCoLo-piloterna utvecklades standardiserade anpassningsplaner f\u00f6r att eliminera arkitektoniska hinder (k\u00e4nda som PEBA), som tar upp arkitektoniska, sensoriska och informativa tillg\u00e4nglighetsluckor (f\u00f6r vidare information, se Leverans 4.1 \u201dGeorefererad kartl\u00e4ggning av POI:er g\u00e4llande tillg\u00e4nglighet och standardiserade anpassningsplaner (PEBA) vid hinder\u201d). Se den interaktiva kartan \u00f6ver POI:er h\u00e4r: tillg\u00e4nglig p\u00e5 <a href=\"https:\/\/sucolo.independent.it\/\">italienska<\/a> och <a href=\"https:\/\/sucolo.independent.it\/de\/\">tyska<\/a>.<\/p>\n","protected":false},"excerpt":{"rendered":"<p>Forskningspiloten i Merano testar hur lastcyklar kan integreras i stadens befintliga cykeldelningssystem f\u00f6r att m\u00f6jligg\u00f6ra mer milj\u00f6v\u00e4nliga och inkluderande leveransl\u00f6sningar. [&hellip;]<\/p>\n","protected":false},"author":1,"featured_media":0,"parent":1514,"menu_order":0,"comment_status":"closed","ping_status":"closed","template":"","meta":{"site-sidebar-layout":"default","site-content-layout":"","ast-site-content-layout":"","site-content-style":"default","site-sidebar-style":"default","ast-global-header-display":"","ast-banner-title-visibility":"","ast-main-header-display":"","ast-hfb-above-header-display":"","ast-hfb-below-header-display":"","ast-hfb-mobile-header-display":"","site-post-title":"","ast-breadcrumbs-content":"","ast-featured-img":"","footer-sml-layout":"","theme-transparent-header-meta":"","adv-header-id-meta":"","stick-header-meta":"","header-above-stick-meta":"","header-main-stick-meta":"","header-below-stick-meta":"","astra-migrate-meta-layouts":"default","ast-page-background-enabled":"default","ast-page-background-meta":{"desktop":{"background-color":"var(--ast-global-color-4)","background-image":"","background-repeat":"repeat","background-position":"center center","background-size":"auto","background-attachment":"scroll","background-type":"","background-media":"","overlay-type":"","overlay-color":"","overlay-gradient":""},"tablet":{"background-color":"","background-image":"","background-repeat":"repeat","background-position":"center center","background-size":"auto","background-attachment":"scroll","background-type":"","background-media":"","overlay-type":"","overlay-color":"","overlay-gradient":""},"mobile":{"background-color":"","background-image":"","background-repeat":"repeat","background-position":"center center","background-size":"auto","background-attachment":"scroll","background-type":"","background-media":"","overlay-type":"","overlay-color":"","overlay-gradient":""}},"ast-content-background-meta":{"desktop":{"background-color":"var(--ast-global-color-5)","background-image":"","background-repeat":"repeat","background-position":"center center","background-size":"auto","background-attachment":"scroll","background-type":"","background-media":"","overlay-type":"","overlay-color":"","overlay-gradient":""},"tablet":{"background-color":"var(--ast-global-color-5)","background-image":"","background-repeat":"repeat","background-position":"center center","background-size":"auto","background-attachment":"scroll","background-type":"","background-media":"","overlay-type":"","overlay-color":"","overlay-gradient":""},"mobile":{"background-color":"var(--ast-global-color-5)","background-image":"","background-repeat":"repeat","background-position":"center center","background-size":"auto","background-attachment":"scroll","background-type":"","background-media":"","overlay-type":"","overlay-color":"","overlay-gradient":""}},"footnotes":""},"class_list":["post-1512","page","type-page","status-publish","hentry"],"_links":{"self":[{"href":"https:\/\/sucolo.eu\/sv\/wp-json\/wp\/v2\/pages\/1512","targetHints":{"allow":["GET"]}}],"collection":[{"href":"https:\/\/sucolo.eu\/sv\/wp-json\/wp\/v2\/pages"}],"about":[{"href":"https:\/\/sucolo.eu\/sv\/wp-json\/wp\/v2\/types\/page"}],"author":[{"embeddable":true,"href":"https:\/\/sucolo.eu\/sv\/wp-json\/wp\/v2\/users\/1"}],"replies":[{"embeddable":true,"href":"https:\/\/sucolo.eu\/sv\/wp-json\/wp\/v2\/comments?post=1512"}],"version-history":[{"count":6,"href":"https:\/\/sucolo.eu\/sv\/wp-json\/wp\/v2\/pages\/1512\/revisions"}],"predecessor-version":[{"id":2424,"href":"https:\/\/sucolo.eu\/sv\/wp-json\/wp\/v2\/pages\/1512\/revisions\/2424"}],"up":[{"embeddable":true,"href":"https:\/\/sucolo.eu\/sv\/wp-json\/wp\/v2\/pages\/1514"}],"wp:attachment":[{"href":"https:\/\/sucolo.eu\/sv\/wp-json\/wp\/v2\/media?parent=1512"}],"curies":[{"name":"wp","href":"https:\/\/api.w.org\/{rel}","templated":true}]}}