{"id":482,"date":"2024-04-16T06:52:17","date_gmt":"2024-04-16T06:52:17","guid":{"rendered":"https:\/\/sucolo.eu\/?page_id=482"},"modified":"2024-08-27T10:45:12","modified_gmt":"2024-08-27T10:45:12","slug":"nyheter-och-evenemang","status":"publish","type":"page","link":"https:\/\/sucolo.eu\/sv\/nyheter-och-evenemang\/","title":{"rendered":"Nyheter och evenemang"},"content":{"rendered":"\n<div class=\"wp-block-stackable-hero stk-block-hero stk-block stk-779d353 stk-block-background is-style-default stk--has-background-overlay\" data-v=\"2\" data-block-id=\"779d353\"><style>.stk-779d353-inner-blocks{justify-content:center !important}.stk-779d353{background-image:url(https:\/\/sucolo.eu\/wp-content\/uploads\/2024\/04\/salzburg.jpg) !important;background-position:top center !important;border-top-left-radius:50px !important;border-top-right-radius:50px !important;border-bottom-right-radius:50px !important;border-bottom-left-radius:50px !important;overflow:hidden !important}.stk-779d353 .stk-block-hero__content{min-height:132px !important;align-items:center !important;max-width:257px !important;padding-top:0px !important;padding-right:0px !important;padding-bottom:0px !important;padding-left:0px !important;margin-right:auto !important;margin-left:auto !important;display:flex !important}<\/style><div class=\"stk-block-hero__content stk-content-align stk-779d353-column stk-container stk-779d353-container stk--no-background stk--no-padding\"><div class=\"stk-block-content stk-inner-blocks has-text-align-center stk--column-flex stk-779d353-inner-blocks\">\n<div class=\"wp-block-stackable-heading stk-block-heading stk-block-heading--v2 stk-block stk-106c488\" id=\"nyheter-och-evenemang\" data-block-id=\"106c488\"><h2 class=\"stk-block-heading__text\">Nyheter och evenemang<\/h2><\/div>\n<\/div><\/div><\/div>\n\n\n\n<div class=\"wp-block-stackable-divider stk-block-divider stk-block stk-3232295\" data-block-id=\"3232295\"><hr class=\"stk-block-divider__hr\"\/><\/div>\n\n\n\n<div class=\"wp-block-stackable-posts stk-block-posts has-text-align-center stk--has-container stk-block stk-2950b91 is-style-default\" data-v=\"2\" data-block-id=\"2950b91\"><style>.stk-2950b91-container{box-shadow:0px 2px 20px #99999933 !important}.stk-2950b91 .stk-img-wrapper{width:100% !important}.stk-2950b91 .stk-block-posts__title a{font-size:20px !important}.stk-2950b91 .stk-block-posts__items{row-gap:25px !important}.stk-2950b91{--stk-columns:2 !important;--stk-column-gap:25px !important}.stk-2950b91-container .stk-block-posts__image-link{margin-bottom:0px !important}@media screen and (max-width:1023px){.stk-2950b91 .stk-block-posts__title a{font-size:20px !important}}<\/style><div class=\"stk-inner-blocks stk-content-align stk-2950b91-column\"><div class=\"stk-block-posts__items\"><div class=\"stk-block-posts__item\"><div class=\"stk-container stk-2950b91-container stk-hover-parent\"><article><h3 class=\"stk-block-posts__title\"><a href='https:\/\/sucolo.eu\/sv\/2024\/10\/22\/sammanfattning-av-workshop-att-forma-en-webbshop-med-leverans-fran-cargo-bike\/'>Sammanfattning av workshop: Att forma en webbshop med leverans fr\u00e5n Cargo Bike<\/a><\/h3><a href=\"https:\/\/sucolo.eu\/sv\/2024\/10\/22\/sammanfattning-av-workshop-att-forma-en-webbshop-med-leverans-fran-cargo-bike\/\" class=\"stk-block-posts__image-link\"><\/a><aside class=\"stk-block-posts__meta stk-subtitle\"><span>David Leistner<\/span><span class=\"stk-block-posts__meta-sep\">\u00b7<\/span><time datetime=\"2024-10-22T10:50:08+00:00\">22 oktober 2024<\/time><\/aside><div class=\"stk-block-posts__excerpt\"><p>\u00a9 Salzburg Research F\u00f6rra veckan h\u00f6ll Salzburg Research en workshop f\u00f6r att samla in id\u00e9er fr\u00e5n konsumenter till v\u00e5r nya experimentella milj\u00f6 f\u00f6r en webbshop som erbjuder regionala produkter med milj\u00f6v\u00e4nlig leverans med lastcykel f\u00f6r att testa tekniker f\u00f6r beteendef\u00f6r\u00e4ndring. Deltagarna introducerades till projektet genom en kort presentation och arbetade sedan i grupper med hj\u00e4lp&hellip;<\/p>\n<\/div><a class=\"stk-block-posts__readmore\" href=\"https:\/\/sucolo.eu\/sv\/2024\/10\/22\/sammanfattning-av-workshop-att-forma-en-webbshop-med-leverans-fran-cargo-bike\/\">Continue Reading<\/a><\/article><\/div><\/div><div class=\"stk-block-posts__item\"><div class=\"stk-container stk-2950b91-container stk-hover-parent\"><article><h3 class=\"stk-block-posts__title\"><a href='https:\/\/sucolo.eu\/sv\/2024\/09\/26\/lansering-av-idekampanj\/'>Lansering av id\u00e9kampanj<\/a><\/h3><a href=\"https:\/\/sucolo.eu\/sv\/2024\/09\/26\/lansering-av-idekampanj\/\" class=\"stk-block-posts__image-link\"><\/a><aside class=\"stk-block-posts__meta stk-subtitle\"><span>David Leistner<\/span><span class=\"stk-block-posts__meta-sep\">\u00b7<\/span><time datetime=\"2024-09-26T08:27:52+00:00\">26 september 2024<\/time><\/aside><div class=\"stk-block-posts__excerpt\"><p>\ud83c\udf0d \u00c4r du redo att bli en milj\u00f6hj\u00e4lte? \ud83c\udf3f Forskningsprojektet SuCoLo uppmanar passionerade f\u00f6r\u00e4ndringsakt\u00f6rer p\u00e5 landsbygden och i f\u00f6rorterna att ansluta sig till r\u00f6relsen f\u00f6r h\u00e5llbar logistik f\u00f6r sista milen! \ud83d\udeb4\u200d\u2640\ufe0f I den h\u00e4r id\u00e9kampanjen kan du bidra till innovativ forskning med dina egna id\u00e9er, som kommer att r\u00f6stas fram av ett utvalt team av&hellip;<\/p>\n<\/div><a class=\"stk-block-posts__readmore\" href=\"https:\/\/sucolo.eu\/sv\/2024\/09\/26\/lansering-av-idekampanj\/\">Continue Reading<\/a><\/article><\/div><\/div><\/div><div class=\"stk-inner-blocks\"><\/div><\/div><\/div>\n\n\n\n<div class=\"wp-block-stackable-divider stk-block-divider stk-block stk-1bbe639\" data-block-id=\"1bbe639\"><hr class=\"stk-block-divider__hr\"\/><\/div>\n\n\n\n<h2 class=\"wp-block-heading has-text-align-center\">H\u00e5ll dig uppdaterad om projektet<\/h2>\n\n\n<div class='fluentform ff-default fluentform_wrapper_3 ffs_default_wrap'><form data-form_id=\"3\" id=\"fluentform_3\" class=\"frm-fluent-form fluent_form_3 ff-el-form-top ff_form_instance_3_1 ff-form-loading ffs_default\" data-form_instance=\"ff_form_instance_3_1\" method=\"POST\" ><fieldset  style=\"border: none!important;margin: 0!important;padding: 0!important;background-color: transparent!important;box-shadow: none!important;outline: none!important; min-inline-size: 100%;\">\n                    <legend class=\"ff_screen_reader_title\" style=\"display: block; margin: 0!important;padding: 0!important;height: 0!important;text-indent: -999999px;width: 0!important;overflow:hidden;\">Stay updated<\/legend><input type='hidden' name='__fluent_form_embded_post_id' value='482' \/><input type=\"hidden\" id=\"_fluentform_3_fluentformnonce\" name=\"_fluentform_3_fluentformnonce\" value=\"75dc11cbbf\" \/><input type=\"hidden\" name=\"_wp_http_referer\" value=\"\/sv\/wp-json\/wp\/v2\/pages\/482\" \/><div class='ff-el-group'><div class=\"ff-el-input--label ff-el-is-required asterisk-right\"><label   aria-label=\"Form of address\">Form of address<\/label><\/div><div class='ff-el-input--content'><div class='ff-el-form-check ff-el-form-check-'><label class='ff-el-form-check-label' for='input_radio_c301a51597dfccc153ce6f0b3f8da6df'><input  type=\"radio\" name=\"input_radio\" data-name=\"input_radio\" class=\"ff-el-form-check-input ff-el-form-check-radio\" value=\"Sir\"  id='input_radio_c301a51597dfccc153ce6f0b3f8da6df' aria-label='Sir' aria-invalid='false' aria-required=true> <span>Sir<\/span><\/label><\/div><div class='ff-el-form-check ff-el-form-check-'><label class='ff-el-form-check-label' for='input_radio_051a2d893bc338732a88ddcdef626b36'><input  type=\"radio\" name=\"input_radio\" data-name=\"input_radio\" class=\"ff-el-form-check-input ff-el-form-check-radio\" value=\"Madam\"  id='input_radio_051a2d893bc338732a88ddcdef626b36' aria-label='Madam' aria-invalid='false' aria-required=true> <span>Madam<\/span><\/label><\/div><div class='ff-el-form-check ff-el-form-check-'><label class='ff-el-form-check-label' for='input_radio_b04a3013d3b87d8fa1557a7bae89eeb1'><input  type=\"radio\" name=\"input_radio\" data-name=\"input_radio\" class=\"ff-el-form-check-input ff-el-form-check-radio\" value=\"Neutral\"  id='input_radio_b04a3013d3b87d8fa1557a7bae89eeb1' aria-label='Neutral' aria-invalid='false' aria-required=true> <span>Neutral<\/span><\/label><\/div><\/div><\/div><div data-name=\"ff_cn_id_1\"  class='ff-t-container ff-column-container ff_columns_total_2 '><div class='ff-t-cell ff-t-column-1' style='flex-basis: 50%;'><div class='ff-el-group'><div class=\"ff-el-input--label ff-el-is-required asterisk-right\"><label for='ff_3_input_text' id='label_ff_3_input_text' aria-label=\"First Name\">First Name<\/label><\/div><div class='ff-el-input--content'><input type=\"text\" name=\"input_text\" class=\"ff-el-form-control\" data-name=\"input_text\" id=\"ff_3_input_text\"  aria-invalid=\"false\" aria-required=true><\/div><\/div><\/div><div class='ff-t-cell ff-t-column-2' style='flex-basis: 50%;'><div class='ff-el-group'><div class=\"ff-el-input--label ff-el-is-required asterisk-right\"><label for='ff_3_input_text_1' id='label_ff_3_input_text_1' aria-label=\"Last Name\">Last Name<\/label><\/div><div class='ff-el-input--content'><input type=\"text\" name=\"input_text_1\" class=\"ff-el-form-control\" data-name=\"input_text_1\" id=\"ff_3_input_text_1\"  aria-invalid=\"false\" aria-required=true><\/div><\/div><\/div><\/div><div data-name=\"ff_cn_id_2\"  class='ff-t-container ff-column-container ff_columns_total_2 '><div class='ff-t-cell ff-t-column-1' style='flex-basis: 50%;'><div class='ff-el-group'><div class=\"ff-el-input--label ff-el-is-required asterisk-right\"><label for='ff_3_email' id='label_ff_3_email' aria-label=\"Email\">Email<\/label><\/div><div class='ff-el-input--content'><input type=\"email\" name=\"email\" id=\"ff_3_email\" class=\"ff-el-form-control\" data-name=\"email\"  aria-invalid=\"false\" aria-required=true><\/div><\/div><\/div><div class='ff-t-cell ff-t-column-2' style='flex-basis: 50%;'><div class='ff-el-group'><div class=\"ff-el-input--label asterisk-right\"><label for='ff_3_input_text_2' id='label_ff_3_input_text_2' aria-label=\"Company\/Organisation\">Company\/Organisation<\/label><\/div><div class='ff-el-input--content'><input type=\"text\" name=\"input_text_2\" class=\"ff-el-form-control\" data-name=\"input_text_2\" id=\"ff_3_input_text_2\"  aria-invalid=\"false\" aria-required=false><\/div><\/div><\/div><\/div><div class='ff-el-group  ff-custom_html' tabindex='-1' data-name=\"custom_html-3_1\" ><p style=\"font-size: 12px\"><b>Data protection notice:<\/b> After submitting the registration form, the above-mentioned data will be processed by the data controller, Salzburg Research Forschungsgesellschaft, Jakob-Haringer-Str. 5\/3, 5020 Salzburg, info@salzburgresearch.at, for the purpose of advertising and providing information about events on the basis of your consent given by submitting the form. There is no legal or contractual obligation to provide personal data. The only consequence of not providing data is that registration is not possible. The list of participants (surname, first name, institution) will be shared with the SuCoLo project consortium. The data will NOT be passed on outside the project consortium.<\/p><\/div><div class='ff-el-group    ff-el-input--content'><div class='ff-el-form-check ff-el-tc'><label aria-label='I have read the data protection notice' class='ff-el-form-check-label ff_tc_label' for=gdpr-agreement_c70342f292874f8dcd40459c7f9a7fff><span class='ff_tc_checkbox'><input type=\"checkbox\" name=\"gdpr-agreement\" class=\"ff-el-form-check-input ff_gdpr_field\" data-name=\"gdpr-agreement\" id=\"gdpr-agreement_c70342f292874f8dcd40459c7f9a7fff\"  value='on' aria-invalid='false' aria-required=true><\/span> <div class='ff_t_c'>I have read the data protection notice<\/div><\/label><\/div><\/div><div class='ff-el-group  ff-custom_html' tabindex='-1' data-name=\"custom_html-3_2\" ><p>More information and your rights: <a href=\"https:\/\/sucolo.eu\/privacy-policy\/\" target=\"_blank\" rel=\"noopener\">Privacy policy<\/a><\/p><\/div><div class='ff-el-group ff-text-left ff_submit_btn_wrapper'><button type=\"submit\" class=\"ff-btn ff-btn-submit ff-btn-md ff_btn_no_style\"  aria-label=\"Submit\">Submit<\/button><\/div><\/fieldset><\/form><div id='fluentform_3_errors' class='ff-errors-in-stack ff_form_instance_3_1 ff-form-loading_errors ff_form_instance_3_1_errors'><\/div><\/div>            <script type=\"text\/javascript\">\n                window.fluent_form_ff_form_instance_3_1 = {\"id\":\"3\",\"ajaxUrl\":\"https:\\\/\\\/sucolo.eu\\\/wp-admin\\\/admin-ajax.php\",\"settings\":{\"layout\":{\"labelPlacement\":\"top\",\"helpMessagePlacement\":\"with_label\",\"errorMessagePlacement\":\"inline\",\"cssClassName\":\"\",\"asteriskPlacement\":\"asterisk-right\"},\"restrictions\":{\"denyEmptySubmission\":{\"enabled\":false}}},\"form_instance\":\"ff_form_instance_3_1\",\"form_id_selector\":\"fluentform_3\",\"rules\":{\"input_radio\":{\"required\":{\"value\":true,\"message\":\"This field is required\",\"global_message\":\"This field is required\",\"global\":true}},\"input_text\":{\"required\":{\"value\":true,\"message\":\"This field is required\",\"global_message\":\"This field is required\",\"global\":true}},\"input_text_1\":{\"required\":{\"value\":true,\"message\":\"This field is required\",\"global_message\":\"This field is required\",\"global\":true}},\"email\":{\"required\":{\"value\":true,\"message\":\"This field is required\",\"global_message\":\"This field is required\",\"global\":true},\"email\":{\"value\":true,\"message\":\"This field must contain a valid email\",\"global_message\":\"This field must contain a valid email\",\"global\":true}},\"input_text_2\":{\"required\":{\"value\":false,\"message\":\"This field is required\",\"global_message\":\"This field is required\",\"global\":true}},\"gdpr-agreement\":{\"required\":{\"value\":true,\"message\":\"This field is required\",\"global_message\":\"This field is required\",\"global\":true}}},\"debounce_time\":300};\n                            <\/script>\n            \n\n\n\n<div class=\"wp-block-stackable-separator alignfull stk-block-separator stk--no-padding stk-block stk-6ba4213 stk-block-background\" data-block-id=\"6ba4213\"><style>.stk-6ba4213{background-color:var(--ast-global-color-4) !important;max-width:1200px !important;margin-right:auto !important;margin-bottom:0px !important;margin-left:auto !important;transform:scaleY(-1) !important}.stk-6ba4213:before{background-color:var(--ast-global-color-4) !important}.stk-6ba4213 .stk-block-separator__inner{transform:scaleX(1) !important}<\/style><div class=\"stk-block-separator__inner\"><svg xmlns=\"http:\/\/www.w3.org\/2000\/svg\" viewBox=\"0 0 1600 200\" class=\"stk-separator__layer-1\" preserveAspectRatio=\"none\" aria-hidden=\"true\"><path class=\"wave-1_svg__st2\" d=\"M1341.4 48.9c-182.4 0-254.2 80.4-429.4 80.4-117.8 0-209.7-67.5-393.5-67.5-142.2 0-212.6 38.8-324.6 38.8S-10 64.7-10 64.7V210h1620V102c-110.6-40.2-181-53.1-268.6-53.1z\"><\/path><\/svg><\/div><\/div>\n\n\n\n<div class=\"wp-block-stackable-columns stk-block-columns stk-block stk-f9d7cfd stk-block-background\" data-block-id=\"f9d7cfd\"><style>.stk-f9d7cfd{background-color:var(--ast-global-color-4) !important;margin-top:-19px !important}.stk-f9d7cfd:before{background-color:var(--ast-global-color-4) !important}<\/style><div class=\"stk-row stk-inner-blocks stk-block-content stk-content-align stk-f9d7cfd-column\">\n<div class=\"wp-block-stackable-column stk-block-column stk-column stk-block stk-6a7d151\" data-v=\"4\" data-block-id=\"6a7d151\"><div class=\"stk-column-wrapper stk-block-column__content stk-container stk-6a7d151-container stk--no-background stk--no-padding\"><div class=\"stk-block-content stk-inner-blocks stk-6a7d151-inner-blocks\">\n<div class=\"wp-block-stackable-heading stk-block-heading stk-block-heading--v2 stk-block stk-660ffa3\" id=\"su-co-lo\" data-block-id=\"660ffa3\"><h2 class=\"stk-block-heading__text\">SuCoLo<\/h2><\/div>\n\n\n\n<div class=\"wp-block-stackable-text stk-block-text stk-block stk-60f99dd\" data-block-id=\"60f99dd\"><p class=\"stk-block-text__text\">Fr\u00e4mja h\u00e5llbart konsumentbeteende med inkluderande infrastruktur f\u00f6r cykellogistik i st\u00e4dernas utkanter<\/p><\/div>\n\n\n<div class=\"is-default-size wp-block-site-logo\"><a href=\"https:\/\/sucolo.eu\/sv\/\" class=\"custom-logo-link\" rel=\"home\"><img loading=\"lazy\" decoding=\"async\" width=\"1751\" height=\"1443\" src=\"https:\/\/sucolo.eu\/wp-content\/uploads\/2024\/02\/SuCoLo_Logo_rgb_web-100x82.jpg\" class=\"custom-logo\" alt=\"SuCoLo\" srcset=\"https:\/\/sucolo.eu\/wp-content\/uploads\/2024\/02\/SuCoLo_Logo_rgb_web.jpg 1751w, https:\/\/sucolo.eu\/wp-content\/uploads\/2024\/02\/SuCoLo_Logo_rgb_web-300x247.jpg 300w, https:\/\/sucolo.eu\/wp-content\/uploads\/2024\/02\/SuCoLo_Logo_rgb_web-1024x844.jpg 1024w, https:\/\/sucolo.eu\/wp-content\/uploads\/2024\/02\/SuCoLo_Logo_rgb_web-768x633.jpg 768w, https:\/\/sucolo.eu\/wp-content\/uploads\/2024\/02\/SuCoLo_Logo_rgb_web-1536x1266.jpg 1536w, https:\/\/sucolo.eu\/wp-content\/uploads\/2024\/02\/SuCoLo_Logo_rgb_web-100x82.jpg 100w\" sizes=\"auto, (max-width: 1751px) 100vw, 1751px\" \/><\/a><\/div><\/div><\/div><\/div>\n\n\n\n<div class=\"wp-block-stackable-column stk-block-column stk-column stk-block stk-1e003dd\" data-v=\"4\" data-block-id=\"1e003dd\"><div class=\"stk-column-wrapper stk-block-column__content stk-container stk-1e003dd-container stk--no-background stk--no-padding\"><div class=\"stk-block-content stk-inner-blocks stk-1e003dd-inner-blocks\">\n<div class=\"wp-block-stackable-heading stk-block-heading stk-block-heading--v2 stk-block stk-5682aaf\" id=\"kontakt\" data-block-id=\"5682aaf\"><h2 class=\"stk-block-heading__text\">Kontakt<\/h2><\/div>\n\n\n\n<div class=\"wp-block-stackable-text stk-block-text stk-block stk-493f64c\" data-block-id=\"493f64c\"><p class=\"stk-block-text__text\">Projektkoordinator<\/p><\/div>\n\n\n\n<div class=\"wp-block-stackable-text stk-block-text stk-block stk-4cad115\" data-block-id=\"4cad115\"><p class=\"stk-block-text__text\"><strong>Michael Thelen<\/strong>, MA<\/p><\/div>\n\n\n\n<div class=\"wp-block-stackable-text stk-block-text stk-block stk-7ec94c3\" data-block-id=\"7ec94c3\"><style>.stk-7ec94c3{margin-bottom:0px !important}<\/style><p class=\"stk-block-text__text\">Salzburg Research Forschungsgesellschaft m.b.H.<\/p><\/div>\n\n\n\n<div class=\"wp-block-stackable-text stk-block-text stk-block stk-c8143fb\" data-block-id=\"c8143fb\"><p class=\"stk-block-text__text\"><a href=\"mailto:sucolo@salzurgresearch.at\">sucolo@salzurgresearch.at<\/a><\/p><\/div>\n<\/div><\/div><\/div>\n\n\n\n<div class=\"wp-block-stackable-column stk-block-column stk-column stk-block stk-a1908b3\" data-v=\"4\" data-block-id=\"a1908b3\"><div class=\"stk-column-wrapper stk-block-column__content stk-container stk-a1908b3-container stk--no-background stk--no-padding\"><div class=\"stk-block-content stk-inner-blocks stk-a1908b3-inner-blocks\">\n<div class=\"wp-block-stackable-heading stk-block-heading stk-block-heading--v2 stk-block stk-0a6991b\" id=\"about\" data-block-id=\"0a6991b\"><h2 class=\"stk-block-heading__text\">About<\/h2><\/div>\n\n\n\n<ul class=\"wp-block-list\">\n<li><a href=\"https:\/\/sucolo.eu\/index.php\/about-sucolo\/\" data-type=\"page\" data-id=\"36\">About<\/a><\/li>\n\n\n\n<li><a href=\"https:\/\/sucolo.eu\/index.php\/the-sucolo-consortium\/\" data-type=\"page\" data-id=\"97\">The SuCoLo Consortium<\/a><\/li>\n\n\n\n<li><a href=\"https:\/\/sucolo.eu\/index.php\/resources\/\" data-type=\"page\" data-id=\"113\">Resources <\/a><\/li>\n\n\n\n<li><a href=\"https:\/\/sucolo.eu\/index.php\/get-in-touch\/\" data-type=\"page\" data-id=\"85\">Get in touch<\/a><\/li>\n<\/ul>\n\n\n\n<div class=\"wp-block-stackable-button-group stk-block-button-group stk-block stk-993b3af\" data-block-id=\"993b3af\"><div class=\"stk-row stk-inner-blocks has-text-align-right stk-block-content stk-button-group\">\n<div class=\"wp-block-stackable-icon-button stk-block-icon-button stk-block stk-5423307\" data-block-id=\"5423307\"><style>.stk-5423307 .stk-button{background:#0e76a8 !important}<\/style><a class=\"stk-link stk-button stk--hover-effect-darken\" href=\"https:\/\/www.linkedin.com\/company\/sucolo\/\"><span class=\"stk--svg-wrapper\"><div class=\"stk--inner-svg\"><svg data-prefix=\"fab\" data-icon=\"linkedin-in\" class=\"svg-inline--fa fa-linkedin-in fa-w-14\" xmlns=\"http:\/\/www.w3.org\/2000\/svg\" viewBox=\"0 0 448 512\" aria-hidden=\"true\" width=\"32\" height=\"32\"><path fill=\"currentColor\" d=\"M100.28 448H7.4V148.9h92.88zM53.79 108.1C24.09 108.1 0 83.5 0 53.8a53.79 53.79 0 0 1 107.58 0c0 29.7-24.1 54.3-53.79 54.3zM447.9 448h-92.68V302.4c0-34.7-.7-79.2-48.29-79.2-48.29 0-55.69 37.7-55.69 76.7V448h-92.78V148.9h89.08v40.8h1.3c12.4-23.5 42.69-48.3 87.88-48.3 94 0 111.28 61.9 111.28 142.3V448z\"><\/path><\/svg><\/div><\/span><\/a><\/div>\n<\/div><\/div>\n<\/div><\/div><\/div>\n<\/div><\/div>\n","protected":false},"excerpt":{"rendered":"<p>Nyheter och evenemang Sammanfattning av workshop: Att forma en webbshop med leverans fr\u00e5n Cargo Bike David Leistner\u00b722 oktober 2024 \u00a9 [&hellip;]<\/p>\n","protected":false},"author":3,"featured_media":0,"parent":0,"menu_order":0,"comment_status":"closed","ping_status":"closed","template":"","meta":{"site-sidebar-layout":"default","site-content-layout":"","ast-site-content-layout":"","site-content-style":"default","site-sidebar-style":"default","ast-global-header-display":"","ast-banner-title-visibility":"","ast-main-header-display":"","ast-hfb-above-header-display":"","ast-hfb-below-header-display":"","ast-hfb-mobile-header-display":"","site-post-title":"","ast-breadcrumbs-content":"","ast-featured-img":"","footer-sml-layout":"","theme-transparent-header-meta":"","adv-header-id-meta":"","stick-header-meta":"","header-above-stick-meta":"","header-main-stick-meta":"","header-below-stick-meta":"","astra-migrate-meta-layouts":"default","ast-page-background-enabled":"default","ast-page-background-meta":{"desktop":{"background-color":"var(--ast-global-color-4)","background-image":"","background-repeat":"repeat","background-position":"center center","background-size":"auto","background-attachment":"scroll","background-type":"","background-media":"","overlay-type":"","overlay-color":"","overlay-gradient":""},"tablet":{"background-color":"","background-image":"","background-repeat":"repeat","background-position":"center center","background-size":"auto","background-attachment":"scroll","background-type":"","background-media":"","overlay-type":"","overlay-color":"","overlay-gradient":""},"mobile":{"background-color":"","background-image":"","background-repeat":"repeat","background-position":"center center","background-size":"auto","background-attachment":"scroll","background-type":"","background-media":"","overlay-type":"","overlay-color":"","overlay-gradient":""}},"ast-content-background-meta":{"desktop":{"background-color":"var(--ast-global-color-5)","background-image":"","background-repeat":"repeat","background-position":"center center","background-size":"auto","background-attachment":"scroll","background-type":"","background-media":"","overlay-type":"","overlay-color":"","overlay-gradient":""},"tablet":{"background-color":"var(--ast-global-color-5)","background-image":"","background-repeat":"repeat","background-position":"center center","background-size":"auto","background-attachment":"scroll","background-type":"","background-media":"","overlay-type":"","overlay-color":"","overlay-gradient":""},"mobile":{"background-color":"var(--ast-global-color-5)","background-image":"","background-repeat":"repeat","background-position":"center center","background-size":"auto","background-attachment":"scroll","background-type":"","background-media":"","overlay-type":"","overlay-color":"","overlay-gradient":""}},"footnotes":""},"class_list":["post-482","page","type-page","status-publish","hentry"],"_links":{"self":[{"href":"https:\/\/sucolo.eu\/sv\/wp-json\/wp\/v2\/pages\/482","targetHints":{"allow":["GET"]}}],"collection":[{"href":"https:\/\/sucolo.eu\/sv\/wp-json\/wp\/v2\/pages"}],"about":[{"href":"https:\/\/sucolo.eu\/sv\/wp-json\/wp\/v2\/types\/page"}],"author":[{"embeddable":true,"href":"https:\/\/sucolo.eu\/sv\/wp-json\/wp\/v2\/users\/3"}],"replies":[{"embeddable":true,"href":"https:\/\/sucolo.eu\/sv\/wp-json\/wp\/v2\/comments?post=482"}],"version-history":[{"count":1,"href":"https:\/\/sucolo.eu\/sv\/wp-json\/wp\/v2\/pages\/482\/revisions"}],"predecessor-version":[{"id":483,"href":"https:\/\/sucolo.eu\/sv\/wp-json\/wp\/v2\/pages\/482\/revisions\/483"}],"wp:attachment":[{"href":"https:\/\/sucolo.eu\/sv\/wp-json\/wp\/v2\/media?parent=482"}],"curies":[{"name":"wp","href":"https:\/\/api.w.org\/{rel}","templated":true}]}}