{"id":486,"date":"2024-04-02T14:02:55","date_gmt":"2024-04-02T14:02:55","guid":{"rendered":"https:\/\/sucolo.eu\/?page_id=486"},"modified":"2024-08-27T10:47:39","modified_gmt":"2024-08-27T10:47:39","slug":"ta-kontakt-med-oss","status":"publish","type":"page","link":"https:\/\/sucolo.eu\/sv\/ta-kontakt-med-oss\/","title":{"rendered":"Ta kontakt med oss"},"content":{"rendered":"\n<div class=\"wp-block-stackable-button-group stk-block-button-group stk-block stk-3637cc7\" data-block-id=\"3637cc7\"><div class=\"stk-row stk-inner-blocks has-text-align-right stk-block-content stk-button-group\">\n<div class=\"wp-block-stackable-icon-button stk-block-icon-button stk-block stk-940bdf9\" data-block-id=\"940bdf9\"><style>.stk-940bdf9 .stk-button{background:#0e76a8 !important}<\/style><a class=\"stk-link stk-button stk--hover-effect-darken\" href=\"https:\/\/www.linkedin.com\/company\/sucolo\/\"><span class=\"stk--svg-wrapper\"><div class=\"stk--inner-svg\"><svg data-prefix=\"fab\" data-icon=\"linkedin-in\" class=\"svg-inline--fa fa-linkedin-in fa-w-14\" xmlns=\"http:\/\/www.w3.org\/2000\/svg\" viewBox=\"0 0 448 512\" aria-hidden=\"true\" width=\"32\" height=\"32\"><path fill=\"currentColor\" d=\"M100.28 448H7.4V148.9h92.88zM53.79 108.1C24.09 108.1 0 83.5 0 53.8a53.79 53.79 0 0 1 107.58 0c0 29.7-24.1 54.3-53.79 54.3zM447.9 448h-92.68V302.4c0-34.7-.7-79.2-48.29-79.2-48.29 0-55.69 37.7-55.69 76.7V448h-92.78V148.9h89.08v40.8h1.3c12.4-23.5 42.69-48.3 87.88-48.3 94 0 111.28 61.9 111.28 142.3V448z\"><\/path><\/svg><\/div><\/span><\/a><\/div>\n<\/div><\/div>\n\n\n\n<div class=\"wp-block-stackable-hero stk-block-hero stk-block stk-a894570 stk-block-background is-style-default stk--has-background-overlay\" data-v=\"2\" data-block-id=\"a894570\"><style>.stk-a894570-inner-blocks{justify-content:center !important}.stk-a894570{background-image:url(https:\/\/sucolo.eu\/wp-content\/uploads\/2024\/04\/nextbike_edited-scaled.jpg) !important;background-position:top center !important;background-size:77% !important;border-top-left-radius:50px !important;border-top-right-radius:50px !important;border-bottom-right-radius:50px !important;border-bottom-left-radius:50px !important;overflow:hidden !important}.stk-a894570 .stk-block-hero__content{min-height:279px !important;align-items:center !important;display:flex !important}<\/style><div class=\"stk-block-hero__content stk-content-align stk-a894570-column stk-container stk-a894570-container stk--no-background stk--no-padding\"><div class=\"stk-block-content stk-inner-blocks has-text-align-center stk--column-flex stk-a894570-inner-blocks\">\n<div class=\"wp-block-stackable-heading stk-block-heading stk-block-heading--v2 stk-block stk-7fbe322 stk-block-background\" id=\"ta-kontakt-med-oss\" data-block-id=\"7fbe322\"><style>.stk-7fbe322{background-color:var(--ast-global-color-4) !important;border-top-left-radius:50px !important;border-top-right-radius:50px !important;border-bottom-right-radius:50px !important;border-bottom-left-radius:50px !important;overflow:hidden !important;min-height:74px !important;opacity:1 !important}.stk-7fbe322:before{background-color:var(--ast-global-color-4) !important}<\/style><h1 class=\"stk-block-heading__text\">Ta kontakt med oss<\/h1><\/div>\n<\/div><\/div><\/div>\n\n\n\n<div class=\"wp-block-stackable-text stk-block-text stk-block stk-8673af9\" data-block-id=\"8673af9\"><p class=\"stk-block-text__text has-text-align-center\">Om du \u00e4r intresserad av hur vi str\u00e4var efter att motivera ett h\u00e5llbart konsumentbeteende och anv\u00e4nda inkluderande cykellogistik f\u00f6r att fr\u00e4mja nettonollmetoder f\u00f6r leverans och upph\u00e4mtning av varor i st\u00e4dernas utkanter, \u00e4r du v\u00e4lkommen att kontakta oss.<\/p><\/div>\n\n\n\n<div class=\"wp-block-stackable-team-member stk-block-team-member stk-block stk-7415d37 is-style-default\" data-v=\"2\" data-block-id=\"7415d37\"><div class=\"stk-block-team-member__content stk-content-align stk-7415d37-column stk-container stk-7415d37-container stk-hover-parent\"><div class=\"stk-block-content stk-inner-blocks has-text-align-center stk-7415d37-inner-blocks\">\n<div class=\"wp-block-stackable-image stk-block-image stk-block stk-82fde1e\" data-block-id=\"82fde1e\"><style>.stk-82fde1e .stk-img-wrapper{width:150px !important;height:150px !important}.stk-82fde1e .stk-img-wrapper img,.stk-82fde1e .stk-img-wrapper::after,.stk-82fde1e .stk-img-wrapper::before{mask-image:url('data:image\/svg+xml;base64,PHN2ZyB4bWxucz0iaHR0cDovL3d3dy53My5vcmcvMjAwMC9zdmciIHZpZXdCb3g9IjAgMCAxMDAgMTAwIiBwcmVzZXJ2ZUFzcGVjdFJhdGlvPSJub25lIj48Y2lyY2xlIGN4PSI1MCIgY3k9IjUwIiByPSI1MCI+PC9jaXJjbGU+PC9zdmc+') !important;-webkit-mask-image:url('data:image\/svg+xml;base64,PHN2ZyB4bWxucz0iaHR0cDovL3d3dy53My5vcmcvMjAwMC9zdmciIHZpZXdCb3g9IjAgMCAxMDAgMTAwIiBwcmVzZXJ2ZUFzcGVjdFJhdGlvPSJub25lIj48Y2lyY2xlIGN4PSI1MCIgY3k9IjUwIiByPSI1MCI+PC9jaXJjbGU+PC9zdmc+') !important}<\/style><figure><span class=\"stk-img-wrapper stk-img--shape stk-image--shape-stretch\"><img loading=\"lazy\" decoding=\"async\" class=\"stk-img wp-image-212\" src=\"https:\/\/sucolo.eu\/wp-content\/uploads\/2024\/04\/image-scaled.jpg\" width=\"2560\" height=\"2560\" srcset=\"https:\/\/sucolo.eu\/wp-content\/uploads\/2024\/04\/image-scaled.jpg 2560w, https:\/\/sucolo.eu\/wp-content\/uploads\/2024\/04\/image-300x300.jpg 300w, https:\/\/sucolo.eu\/wp-content\/uploads\/2024\/04\/image-1024x1024.jpg 1024w, https:\/\/sucolo.eu\/wp-content\/uploads\/2024\/04\/image-150x150.jpg 150w, https:\/\/sucolo.eu\/wp-content\/uploads\/2024\/04\/image-768x768.jpg 768w, https:\/\/sucolo.eu\/wp-content\/uploads\/2024\/04\/image-1536x1536.jpg 1536w, https:\/\/sucolo.eu\/wp-content\/uploads\/2024\/04\/image-2048x2048.jpg 2048w\" sizes=\"auto, (max-width: 2560px) 100vw, 2560px\" \/><\/span><\/figure><\/div>\n\n\n\n<div class=\"wp-block-stackable-heading stk-block-heading stk-block-heading--v2 stk-block stk-a48bc74\" id=\"michael-thelen-ma\" data-block-id=\"a48bc74\"><h3 class=\"stk-block-heading__text\">Michael Thelen, MA<\/h3><\/div>\n\n\n\n<div class=\"wp-block-stackable-subtitle stk-block-subtitle stk-block stk-d19b59f\" data-block-id=\"d19b59f\"><style>.stk-d19b59f{margin-bottom:0px !important}<\/style><p class=\"stk-block-subtitle__text stk-subtitle\">Projektkoordinator<\/p><\/div>\n\n\n\n<div class=\"wp-block-stackable-text stk-block-text stk-block stk-6284518\" data-block-id=\"6284518\"><p class=\"stk-block-text__text\">Kontakt: <a href=\"mailto:sucolo@salzburgresearch.at\">sucolo@salzburgresearch.at<\/a><\/p><\/div>\n\n\n\n<div class=\"wp-block-stackable-button-group stk-block-button-group stk-block stk-a7f57c8\" data-block-id=\"a7f57c8\"><div class=\"stk-row stk-inner-blocks stk-block-content stk-button-group\">\n<div class=\"wp-block-stackable-icon-button stk-block-icon-button stk-block stk-4c47bb5\" data-block-id=\"4c47bb5\"><style>.stk-4c47bb5 .stk-button{background:#0e76a8 !important}<\/style><a class=\"stk-link stk-button stk--hover-effect-darken\" href=\"https:\/\/www.linkedin.com\/in\/mike-thelen\/\"><span class=\"stk--svg-wrapper\"><div class=\"stk--inner-svg\"><svg data-prefix=\"fab\" data-icon=\"linkedin-in\" class=\"svg-inline--fa fa-linkedin-in fa-w-14\" xmlns=\"http:\/\/www.w3.org\/2000\/svg\" viewBox=\"0 0 448 512\" aria-hidden=\"true\" width=\"32\" height=\"32\"><path fill=\"currentColor\" d=\"M100.28 448H7.4V148.9h92.88zM53.79 108.1C24.09 108.1 0 83.5 0 53.8a53.79 53.79 0 0 1 107.58 0c0 29.7-24.1 54.3-53.79 54.3zM447.9 448h-92.68V302.4c0-34.7-.7-79.2-48.29-79.2-48.29 0-55.69 37.7-55.69 76.7V448h-92.78V148.9h89.08v40.8h1.3c12.4-23.5 42.69-48.3 87.88-48.3 94 0 111.28 61.9 111.28 142.3V448z\"><\/path><\/svg><\/div><\/span><\/a><\/div>\n<\/div><\/div>\n<\/div><\/div><\/div>\n\n\n\n<div class=\"wp-block-stackable-divider stk-block-divider stk-block stk-676aa26\" data-block-id=\"676aa26\"><hr class=\"stk-block-divider__hr\"\/><\/div>\n\n\n\n<div class=\"wp-block-stackable-columns stk-block-columns stk-block stk-f9d7cfd\" data-block-id=\"f9d7cfd\"><div class=\"stk-row stk-inner-blocks stk-block-content stk-content-align stk-f9d7cfd-column\">\n<div class=\"wp-block-stackable-column stk-block-column stk-column stk-block stk-6a7d151\" data-v=\"4\" data-block-id=\"6a7d151\"><div class=\"stk-column-wrapper stk-block-column__content stk-container stk-6a7d151-container stk--no-background stk--no-padding\"><div class=\"stk-block-content stk-inner-blocks stk-6a7d151-inner-blocks\">\n<div class=\"wp-block-stackable-heading stk-block-heading stk-block-heading--v2 stk-block stk-660ffa3\" id=\"su-co-lo\" data-block-id=\"660ffa3\"><h2 class=\"stk-block-heading__text\">SuCoLo<\/h2><\/div>\n\n\n\n<div class=\"wp-block-stackable-text stk-block-text stk-block stk-60f99dd\" data-block-id=\"60f99dd\"><p class=\"stk-block-text__text\">Fr\u00e4mja h\u00e5llbart konsumentbeteende med inkluderande infrastruktur f\u00f6r cykellogistik i st\u00e4dernas utkanter<\/p><\/div>\n\n\n<div class=\"is-default-size wp-block-site-logo\"><a href=\"https:\/\/sucolo.eu\/sv\/\" class=\"custom-logo-link\" rel=\"home\"><img loading=\"lazy\" decoding=\"async\" width=\"1751\" height=\"1443\" src=\"https:\/\/sucolo.eu\/wp-content\/uploads\/2024\/02\/SuCoLo_Logo_rgb_web-100x82.jpg\" class=\"custom-logo\" alt=\"SuCoLo\" srcset=\"https:\/\/sucolo.eu\/wp-content\/uploads\/2024\/02\/SuCoLo_Logo_rgb_web.jpg 1751w, https:\/\/sucolo.eu\/wp-content\/uploads\/2024\/02\/SuCoLo_Logo_rgb_web-300x247.jpg 300w, https:\/\/sucolo.eu\/wp-content\/uploads\/2024\/02\/SuCoLo_Logo_rgb_web-1024x844.jpg 1024w, https:\/\/sucolo.eu\/wp-content\/uploads\/2024\/02\/SuCoLo_Logo_rgb_web-768x633.jpg 768w, https:\/\/sucolo.eu\/wp-content\/uploads\/2024\/02\/SuCoLo_Logo_rgb_web-1536x1266.jpg 1536w, https:\/\/sucolo.eu\/wp-content\/uploads\/2024\/02\/SuCoLo_Logo_rgb_web-100x82.jpg 100w\" sizes=\"auto, (max-width: 1751px) 100vw, 1751px\" \/><\/a><\/div><\/div><\/div><\/div>\n\n\n\n<div class=\"wp-block-stackable-column stk-block-column stk-column stk-block stk-1e003dd\" data-v=\"4\" data-block-id=\"1e003dd\"><div class=\"stk-column-wrapper stk-block-column__content stk-container stk-1e003dd-container stk--no-background stk--no-padding\"><div class=\"stk-block-content stk-inner-blocks stk-1e003dd-inner-blocks\">\n<div class=\"wp-block-stackable-heading stk-block-heading stk-block-heading--v2 stk-block stk-5682aaf\" id=\"kontakt\" data-block-id=\"5682aaf\"><h2 class=\"stk-block-heading__text\">Kontakt<\/h2><\/div>\n\n\n\n<div class=\"wp-block-stackable-text stk-block-text stk-block stk-493f64c\" data-block-id=\"493f64c\"><p class=\"stk-block-text__text\">Projektkoordinator<\/p><\/div>\n\n\n\n<div class=\"wp-block-stackable-text stk-block-text stk-block stk-4cad115\" data-block-id=\"4cad115\"><p class=\"stk-block-text__text\"><strong>Michael Thelen<\/strong>, MA<\/p><\/div>\n\n\n\n<div class=\"wp-block-stackable-text stk-block-text stk-block stk-7ec94c3\" data-block-id=\"7ec94c3\"><style>.stk-7ec94c3{margin-bottom:0px !important}<\/style><p class=\"stk-block-text__text\">Salzburg Research Forschungsgesellschaft m.b.H.<\/p><\/div>\n\n\n\n<div class=\"wp-block-stackable-text stk-block-text stk-block stk-c8143fb\" data-block-id=\"c8143fb\"><p class=\"stk-block-text__text\"><a href=\"mailto:sucolo@salzurgresearch.at\">sucolo@salzurgresearch.at<\/a><\/p><\/div>\n<\/div><\/div><\/div>\n\n\n\n<div class=\"wp-block-stackable-column stk-block-column stk-column stk-block stk-a1908b3\" data-v=\"4\" data-block-id=\"a1908b3\"><div class=\"stk-column-wrapper stk-block-column__content stk-container stk-a1908b3-container stk--no-background stk--no-padding\"><div class=\"stk-block-content stk-inner-blocks stk-a1908b3-inner-blocks\">\n<div class=\"wp-block-stackable-heading stk-block-heading stk-block-heading--v2 stk-block stk-0a6991b\" id=\"about\" data-block-id=\"0a6991b\"><h2 class=\"stk-block-heading__text\">About<\/h2><\/div>\n\n\n\n<ul class=\"wp-block-list\">\n<li><a href=\"https:\/\/sucolo.eu\/index.php\/about-sucolo\/\" data-type=\"page\" data-id=\"36\">About<\/a><\/li>\n\n\n\n<li><a href=\"https:\/\/sucolo.eu\/index.php\/the-sucolo-consortium\/\" data-type=\"page\" data-id=\"97\">The SuCoLo Consortium<\/a><\/li>\n\n\n\n<li><a href=\"https:\/\/sucolo.eu\/index.php\/resources\/\" data-type=\"page\" data-id=\"113\">Resources <\/a><\/li>\n\n\n\n<li><a href=\"https:\/\/sucolo.eu\/index.php\/news-events\/\" data-type=\"page\" data-id=\"166\">News &amp; Events<\/a><\/li>\n<\/ul>\n\n\n\n<div class=\"wp-block-stackable-button-group stk-block-button-group stk-block stk-993b3af\" data-block-id=\"993b3af\"><div class=\"stk-row stk-inner-blocks has-text-align-right stk-block-content stk-button-group\">\n<div class=\"wp-block-stackable-icon-button stk-block-icon-button stk-block stk-5423307\" data-block-id=\"5423307\"><style>.stk-5423307 .stk-button{background:#0e76a8 !important}<\/style><a class=\"stk-link stk-button stk--hover-effect-darken\" href=\"https:\/\/www.linkedin.com\/company\/sucolo\/\"><span class=\"stk--svg-wrapper\"><div class=\"stk--inner-svg\"><svg data-prefix=\"fab\" data-icon=\"linkedin-in\" class=\"svg-inline--fa fa-linkedin-in fa-w-14\" xmlns=\"http:\/\/www.w3.org\/2000\/svg\" viewBox=\"0 0 448 512\" aria-hidden=\"true\" width=\"32\" height=\"32\"><path fill=\"currentColor\" d=\"M100.28 448H7.4V148.9h92.88zM53.79 108.1C24.09 108.1 0 83.5 0 53.8a53.79 53.79 0 0 1 107.58 0c0 29.7-24.1 54.3-53.79 54.3zM447.9 448h-92.68V302.4c0-34.7-.7-79.2-48.29-79.2-48.29 0-55.69 37.7-55.69 76.7V448h-92.78V148.9h89.08v40.8h1.3c12.4-23.5 42.69-48.3 87.88-48.3 94 0 111.28 61.9 111.28 142.3V448z\"><\/path><\/svg><\/div><\/span><\/a><\/div>\n<\/div><\/div>\n<\/div><\/div><\/div>\n<\/div><\/div>\n","protected":false},"excerpt":{"rendered":"<p>Ta kontakt med oss Om du \u00e4r intresserad av hur vi str\u00e4var efter att motivera ett h\u00e5llbart konsumentbeteende och anv\u00e4nda [&hellip;]<\/p>\n","protected":false},"author":3,"featured_media":0,"parent":0,"menu_order":0,"comment_status":"closed","ping_status":"closed","template":"","meta":{"site-sidebar-layout":"default","site-content-layout":"","ast-site-content-layout":"","site-content-style":"default","site-sidebar-style":"default","ast-global-header-display":"","ast-banner-title-visibility":"","ast-main-header-display":"","ast-hfb-above-header-display":"","ast-hfb-below-header-display":"","ast-hfb-mobile-header-display":"","site-post-title":"disabled","ast-breadcrumbs-content":"","ast-featured-img":"","footer-sml-layout":"","theme-transparent-header-meta":"","adv-header-id-meta":"","stick-header-meta":"","header-above-stick-meta":"","header-main-stick-meta":"","header-below-stick-meta":"","astra-migrate-meta-layouts":"default","ast-page-background-enabled":"default","ast-page-background-meta":{"desktop":{"background-color":"var(--ast-global-color-4)","background-image":"","background-repeat":"repeat","background-position":"center center","background-size":"auto","background-attachment":"scroll","background-type":"","background-media":"","overlay-type":"","overlay-color":"","overlay-gradient":""},"tablet":{"background-color":"","background-image":"","background-repeat":"repeat","background-position":"center center","background-size":"auto","background-attachment":"scroll","background-type":"","background-media":"","overlay-type":"","overlay-color":"","overlay-gradient":""},"mobile":{"background-color":"","background-image":"","background-repeat":"repeat","background-position":"center center","background-size":"auto","background-attachment":"scroll","background-type":"","background-media":"","overlay-type":"","overlay-color":"","overlay-gradient":""}},"ast-content-background-meta":{"desktop":{"background-color":"var(--ast-global-color-5)","background-image":"","background-repeat":"repeat","background-position":"center center","background-size":"auto","background-attachment":"scroll","background-type":"","background-media":"","overlay-type":"","overlay-color":"","overlay-gradient":""},"tablet":{"background-color":"var(--ast-global-color-5)","background-image":"","background-repeat":"repeat","background-position":"center center","background-size":"auto","background-attachment":"scroll","background-type":"","background-media":"","overlay-type":"","overlay-color":"","overlay-gradient":""},"mobile":{"background-color":"var(--ast-global-color-5)","background-image":"","background-repeat":"repeat","background-position":"center center","background-size":"auto","background-attachment":"scroll","background-type":"","background-media":"","overlay-type":"","overlay-color":"","overlay-gradient":""}},"footnotes":""},"class_list":["post-486","page","type-page","status-publish","hentry"],"_links":{"self":[{"href":"https:\/\/sucolo.eu\/sv\/wp-json\/wp\/v2\/pages\/486","targetHints":{"allow":["GET"]}}],"collection":[{"href":"https:\/\/sucolo.eu\/sv\/wp-json\/wp\/v2\/pages"}],"about":[{"href":"https:\/\/sucolo.eu\/sv\/wp-json\/wp\/v2\/types\/page"}],"author":[{"embeddable":true,"href":"https:\/\/sucolo.eu\/sv\/wp-json\/wp\/v2\/users\/3"}],"replies":[{"embeddable":true,"href":"https:\/\/sucolo.eu\/sv\/wp-json\/wp\/v2\/comments?post=486"}],"version-history":[{"count":1,"href":"https:\/\/sucolo.eu\/sv\/wp-json\/wp\/v2\/pages\/486\/revisions"}],"predecessor-version":[{"id":487,"href":"https:\/\/sucolo.eu\/sv\/wp-json\/wp\/v2\/pages\/486\/revisions\/487"}],"wp:attachment":[{"href":"https:\/\/sucolo.eu\/sv\/wp-json\/wp\/v2\/media?parent=486"}],"curies":[{"name":"wp","href":"https:\/\/api.w.org\/{rel}","templated":true}]}}