{"id":491,"date":"2024-01-31T13:31:52","date_gmt":"2024-01-31T13:31:52","guid":{"rendered":"https:\/\/sucolo.eu\/?page_id=491"},"modified":"2025-06-02T09:10:33","modified_gmt":"2025-06-02T09:10:33","slug":"privacy-policy","status":"publish","type":"page","link":"https:\/\/sucolo.eu\/sv\/privacy-policy\/","title":{"rendered":"Integritetspolicy"},"content":{"rendered":"\n<p>Status: 2 juni 2025<\/p>\n\n\n\n<p>Vi tar skyddet av dina personuppgifter p\u00e5 st\u00f6rsta allvar. Vi behandlar dina personuppgifter i enlighet med de lagstadgade dataskyddsbest\u00e4mmelserna och denna dataskyddsdeklaration. Du kan anv\u00e4nda v\u00e5r webbplats utan att ange personuppgifter. I den m\u00e5n personuppgifter (t.ex. namn, adress eller e-postadresser) samlas in p\u00e5 v\u00e5ra sidor sker detta alltid p\u00e5 frivillig basis, s\u00e5vida det inte \u00e4r absolut n\u00f6dv\u00e4ndigt f\u00f6r driften av webbplatsen.<\/p>\n\n\n\n<p>Denna webbplats anv\u00e4nder dina uppgifter sparsamt och behandlar endast tekniskt n\u00f6dv\u00e4ndiga uppgifter som inte kr\u00e4ver ditt samtycke. D\u00e4rf\u00f6r har denna webbplats inte n\u00e5gon \u201dcookie-bar\u201d f\u00f6r att inh\u00e4mta ditt samtycke.<\/p>\n\n\n\n<h2 class=\"wp-block-heading\">Ansvarig<\/h2>\n\n\n\n<p>Salzburg Research Forschungsgesellschaft m.b.H., Jakob Haringer Stra\u00dfe 5\/3, 5020 Salzburg, info@salzburgresearch.at, 0662\/2288-0 \u00e4r ansvarig f\u00f6r behandlingen av dina personuppgifter p\u00e5 denna webbplats.<\/p>\n\n\n\n<h2 class=\"wp-block-heading\">Hosting<\/h2>\n\n\n\n<p>Denna webbplats \u00e4r hostad av Salzburg Research sj\u00e4lv. Vi behandlar personliga anslutningsuppgifter f\u00f6r data- och fels\u00e4kerhet under en period p\u00e5 h\u00f6gst 7 dagar.<\/p>\n\n\n\n<p>Den r\u00e4ttsliga grunden f\u00f6r behandlingen \u00e4r v\u00e5rt ber\u00e4ttigade intresse i enlighet med art. 6 para. 1 lit. f DSGVO (tekniska s\u00e4kerhets\u00e5tg\u00e4rder).<\/p>\n\n\n\n<h2 class=\"wp-block-heading\">Serverns loggfiler<\/h2>\n\n\n\n<p>Vi behandlar personuppgifter s\u00e5som IP-adress i en serverloggfil under h\u00f6gst 7 dagar i syfte att \u00f6vervaka den tekniska funktionen och \u00f6ka drifts\u00e4kerheten p\u00e5 den r\u00e4ttsliga grunden ber\u00e4ttigat intresse i enlighet med art. 6 Para. 1 liv. f DSGVO (tekniska s\u00e4kerhets\u00e5tg\u00e4rder).<\/p>\n\n\n\n<ul class=\"wp-block-list\">\n<li>Tidsst\u00e4mpel (datum och tid f\u00f6r tr\u00e4ffen)<\/li>\n\n\n\n<li>Typ av beg\u00e4ran fr\u00e5n anv\u00e4ndaren<\/li>\n\n\n\n<li>Anv\u00e4ndarens IP-adress<\/li>\n\n\n\n<li>Anv\u00e4ndarens h\u00e4nvisningsinformation (dvs. k\u00e4llan till \u00e5tkomsten)<\/li>\n\n\n\n<li>Anv\u00e4ndarens klient (typ av klient, klientversion)<\/li>\n\n\n\n<li>Anv\u00e4ndarens operativsystem (enhet, enhetens OS-version)<\/li>\n\n\n\n<li><\/li>\n<\/ul>\n\n\n\n<h2 class=\"wp-block-heading\">Kontaktformul\u00e4ret<\/h2>\n\n\n\n<p>N\u00e4r kontaktformul\u00e4ret har skickats kommer de uppgifter som l\u00e4mnas att behandlas av den personuppgiftsansvarige i syfte att besvara din f\u00f6rfr\u00e5gan. Uppgifterna kommer att vidarebefordras till SuCoLo-projektkonsortiet.<\/p>\n\n\n\n<p>Det finns ingen r\u00e4ttslig eller avtalsm\u00e4ssig skyldighet att l\u00e4mna personuppgifter. Den enda konsekvensen av att inte tillhandah\u00e5lla dem \u00e4r att ingen f\u00f6rfr\u00e5gan \u00e4r m\u00f6jlig. Du har r\u00e4tt att n\u00e4r som helst \u00e5terkalla eller inv\u00e4nda mot lagring av dina personuppgifter genom skriftligt meddelande, utan att det p\u00e5verkar lagligheten av den behandling som utf\u00f6rts p\u00e5 grundval av samtycket fram till \u00e5terkallandet.<\/p>\n\n\n\n<h2 class=\"wp-block-heading\">Karttj\u00e4nster<\/h2>\n\n\n\n<p>P\u00e5 denna webbplats anv\u00e4nder vi oss av tj\u00e4nster fr\u00e5n leverant\u00f6rer av karttj\u00e4nster i form av iFrame-inb\u00e4ddning. Detta g\u00f6r det m\u00f6jligt f\u00f6r oss att visa interaktiva kartor direkt p\u00e5 webbplatsen och m\u00f6jligg\u00f6r bekv\u00e4m anv\u00e4ndning av kartfunktionerna.<\/p>\n\n\n\n<h3 class=\"wp-block-heading\">Google Maps<\/h3>\n\n\n\n<p>Vi behandlar anslutningsdata och webbl\u00e4sardata som gemensamt ansvariga med Google Ireland Limited, Gordon House, Barrow Street, Dublin 4, Irland i syfte att visa en interaktiv karta under den tid som kartan visas. Vi till\u00e5ter Google Maps att placera cookies p\u00e5 anv\u00e4ndarens dator och att ber\u00e4kna ett anv\u00e4ndar-ID f\u00f6r att unikt identifiera anv\u00e4ndaren inom Googles annonsn\u00e4tverk.<\/p>\n\n\n\n<p>Den r\u00e4ttsliga grunden f\u00f6r behandlingen \u00e4r det samtycke som du har gett enligt \u00a7 96 para. 3 TKG ivm. Art. 6 para. 1 lit. a DSGVO.<\/p>\n\n\n\n<p>Google Maps \u00e4r ensamt ansvarigt f\u00f6r all ytterligare oberoende behandling av uppgifterna av Google Maps, i synnerhet inom ramen f\u00f6r Googles annonsn\u00e4tverk. Mer information finns i <a href=\"https:\/\/policies.google.com\/privacy?gl=AT&amp;hl=de#intro\">Google Maps dataskyddsdeklaration<\/a>.<\/p>\n\n\n\n<h2 class=\"wp-block-heading\">Videotj\u00e4nster<\/h2>\n\n\n\n<p>P\u00e5 v\u00e5r webbplats erbjuder vi dig m\u00f6jligheten att titta p\u00e5 v\u00e5ra YouTube-videor direkt via en iFrame-inb\u00e4ddning. Efter att du har gett ditt samtycke i enlighet med art. 6 Para. 1 lit a DSGVO, g\u00f6r vi det m\u00f6jligt f\u00f6r tj\u00e4nsteleverant\u00f6ren Google Ireland Limited, Gordon House, Barrow Street, Dublin 4, Irland att samla in personuppgifter fr\u00e5n dig i syfte att spela upp videon under den tid som webbplatsen n\u00e5s. Vi varken bearbetar eller lagrar de uppgifter som samlas in av Google. Ditt samtycke g\u00e4ller endast tills du l\u00e4mnar respektive webbplats och kommer inte att lagras.<\/p>\n\n\n\n<p>Vi anv\u00e4nder oss av f\u00f6ljande tj\u00e4nster:<\/p>\n\n\n\n<p>Tj\u00e4nst: Youtube<br>Operat\u00f6r: Google Ireland Limited, Gordon House, Barrow Street, Dublin 4, Irland<br>Integritetspolicy: <a href=\"https:\/\/policies.google.com\/privacy?gl=AT&amp;hl=en#intro\">https:\/\/policies.google.com\/privacy?gl=AT&amp;hl=en#intro<\/a><\/p>\n\n\n\n<h2 class=\"wp-block-heading\">Tj\u00e4nster f\u00f6r analys<\/h2>\n\n\n\n<p>P\u00e5 v\u00e5r webbplats anv\u00e4nder vi oss av analystj\u00e4nster i syfte att analysera anv\u00e4ndningen av v\u00e5r webbplats, r\u00e4tta till fel och vidareutveckla inneh\u00e5llet.<\/p>\n\n\n\n<h3 class=\"wp-block-heading\">Programvara f\u00f6r lokal analys<\/h3>\n\n\n\n<p>Med hj\u00e4lp av lokal analysmjukvara behandlar vi anslutningsdata och webbl\u00e4sardata i syfte att analysera anv\u00e4ndningen av v\u00e5r webbplats, korrigera fel och vidareutveckla inneh\u00e5llet, fram till och med inv\u00e4ndningspunkten.<\/p>\n\n\n\n<p>Den r\u00e4ttsliga grunden f\u00f6r behandlingen \u00e4r den tekniska n\u00f6dv\u00e4ndigheten av behandlingen av analysdata enligt \u00a7 96 Abs. 3 TKG ivm. avseende Art. 6 Abs. 1 lit. f DSGVO, vilket \u00e4r absolut n\u00f6dv\u00e4ndigt f\u00f6r att tillhandah\u00e5lla tj\u00e4nsten p\u00e5 en webbplats som uttryckligen beg\u00e4rts av anv\u00e4ndarna.<\/p>\n\n\n\n<div id=\"matomo-opt-out\"><\/div>\n<script src=\"https:\/\/stats.salzburgresearch.at\/index.php?module=CoreAdminHome&#038;action=optOutJS&#038;divId=matomo-opt-out&#038;language=auto&#038;showIntro=1\"><\/script>\n\n\n\n<div style=\"height:20px\" aria-hidden=\"true\" class=\"wp-block-spacer\"><\/div>\n\n\n\n<h2 class=\"wp-block-heading\">R\u00e4tt till inv\u00e4ndning<\/h2>\n\n\n\n<p>Om behandlingen av dina personuppgifter sker p\u00e5 grundval av ett ber\u00e4ttigat intresse har du r\u00e4tt att inv\u00e4nda mot denna behandling. Om det inte finns n\u00e5gra tvingande skyddsv\u00e4rda sk\u00e4l f\u00f6r behandlingen fr\u00e5n v\u00e5r sida, kommer behandlingen av dina uppgifter att avbrytas p\u00e5 grundval av denna r\u00e4ttsliga grund.<\/p>\n\n\n\n<p>Lagligheten i de uppgifter som behandlats fram till inv\u00e4ndningen p\u00e5verkas inte av inv\u00e4ndningen.<\/p>\n\n\n\n<h2 class=\"wp-block-heading\">R\u00e4tt till \u00e5terkallande<\/h2>\n\n\n\n<p>Du har r\u00e4tt att n\u00e4r som helst \u00e5terkalla ett samtycke som du har l\u00e4mnat till oss. N\u00e4r det g\u00e4ller skriftligt samtycke kan \u00e5terkallandet endast g\u00f6ras skriftligen; n\u00e4r det g\u00e4ller samtycke till att ta emot elektronisk reklam kan detta ocks\u00e5 g\u00f6ras genom att klicka p\u00e5 l\u00e4nken f\u00f6r avregistrering. I s\u00e5 fall kommer behandlingen att upph\u00f6ra om det inte finns n\u00e5gon annan r\u00e4ttslig grund.<\/p>\n\n\n\n<p>Lagligheten f\u00f6r de uppgifter som behandlats fram till \u00e5terkallelsen p\u00e5verkas inte av \u00e5terkallelsen.<\/p>\n\n\n\n<h2 class=\"wp-block-heading\">Ber\u00f6rda r\u00e4ttigheter<\/h2>\n\n\n\n<p>Du har r\u00e4tt till information, r\u00e4ttelse, radering och begr\u00e4nsning av behandlingen av personuppgifter.<\/p>\n\n\n\n<p>Om den r\u00e4ttsliga grunden f\u00f6r behandlingen av dina personuppgifter finns i ditt samtycke eller i ett avtal som ing\u00e5tts med dig, har du ocks\u00e5 r\u00e4tt till \u00f6verf\u00f6ring av uppgifterna.<\/p>\n\n\n\n<p>Du har r\u00e4tt att \u00e5terkalla ett eventuellt samtycke som du har gett till behandlingen av dina personuppgifter. Lagligheten i behandlingen av personuppgifter fram till \u00e5terkallandet p\u00e5verkas inte av \u00e5terkallandet.<\/p>\n\n\n\n<p>Du har r\u00e4tt att inv\u00e4nda mot behandling av dina personuppgifter f\u00f6r direktmarknadsf\u00f6ring. I h\u00e4ndelse av inv\u00e4ndning kommer dina personuppgifter inte l\u00e4ngre att behandlas f\u00f6r direktreklam.<\/p>\n\n\n\n<p>Du har dessutom r\u00e4tt att klaga till tillsynsmyndigheten. Kontaktuppgifterna till den \u00f6sterrikiska dataskyddsmyndigheten \u00e4r f\u00f6ljande \u00d6sterrikes dataskyddsmyndighet, Barichgasse 40-42, A-1030 Wien.<\/p>\n","protected":false},"excerpt":{"rendered":"<p>Status: 2 juni 2025 Vi tar skyddet av dina personuppgifter p\u00e5 st\u00f6rsta allvar. Vi behandlar dina personuppgifter i enlighet med [&hellip;]<\/p>\n","protected":false},"author":3,"featured_media":0,"parent":0,"menu_order":0,"comment_status":"closed","ping_status":"open","template":"","meta":{"site-sidebar-layout":"default","site-content-layout":"","ast-site-content-layout":"","site-content-style":"default","site-sidebar-style":"default","ast-global-header-display":"","ast-banner-title-visibility":"","ast-main-header-display":"","ast-hfb-above-header-display":"","ast-hfb-below-header-display":"","ast-hfb-mobile-header-display":"","site-post-title":"","ast-breadcrumbs-content":"","ast-featured-img":"","footer-sml-layout":"","theme-transparent-header-meta":"","adv-header-id-meta":"","stick-header-meta":"","header-above-stick-meta":"","header-main-stick-meta":"","header-below-stick-meta":"","astra-migrate-meta-layouts":"default","ast-page-background-enabled":"default","ast-page-background-meta":{"desktop":{"background-color":"var(--ast-global-color-4)","background-image":"","background-repeat":"repeat","background-position":"center center","background-size":"auto","background-attachment":"scroll","background-type":"","background-media":"","overlay-type":"","overlay-color":"","overlay-gradient":""},"tablet":{"background-color":"","background-image":"","background-repeat":"repeat","background-position":"center center","background-size":"auto","background-attachment":"scroll","background-type":"","background-media":"","overlay-type":"","overlay-color":"","overlay-gradient":""},"mobile":{"background-color":"","background-image":"","background-repeat":"repeat","background-position":"center center","background-size":"auto","background-attachment":"scroll","background-type":"","background-media":"","overlay-type":"","overlay-color":"","overlay-gradient":""}},"ast-content-background-meta":{"desktop":{"background-color":"var(--ast-global-color-5)","background-image":"","background-repeat":"repeat","background-position":"center center","background-size":"auto","background-attachment":"scroll","background-type":"","background-media":"","overlay-type":"","overlay-color":"","overlay-gradient":""},"tablet":{"background-color":"var(--ast-global-color-5)","background-image":"","background-repeat":"repeat","background-position":"center center","background-size":"auto","background-attachment":"scroll","background-type":"","background-media":"","overlay-type":"","overlay-color":"","overlay-gradient":""},"mobile":{"background-color":"var(--ast-global-color-5)","background-image":"","background-repeat":"repeat","background-position":"center center","background-size":"auto","background-attachment":"scroll","background-type":"","background-media":"","overlay-type":"","overlay-color":"","overlay-gradient":""}},"footnotes":""},"class_list":["post-491","page","type-page","status-publish","hentry"],"_links":{"self":[{"href":"https:\/\/sucolo.eu\/sv\/wp-json\/wp\/v2\/pages\/491","targetHints":{"allow":["GET"]}}],"collection":[{"href":"https:\/\/sucolo.eu\/sv\/wp-json\/wp\/v2\/pages"}],"about":[{"href":"https:\/\/sucolo.eu\/sv\/wp-json\/wp\/v2\/types\/page"}],"author":[{"embeddable":true,"href":"https:\/\/sucolo.eu\/sv\/wp-json\/wp\/v2\/users\/3"}],"replies":[{"embeddable":true,"href":"https:\/\/sucolo.eu\/sv\/wp-json\/wp\/v2\/comments?post=491"}],"version-history":[{"count":3,"href":"https:\/\/sucolo.eu\/sv\/wp-json\/wp\/v2\/pages\/491\/revisions"}],"predecessor-version":[{"id":2078,"href":"https:\/\/sucolo.eu\/sv\/wp-json\/wp\/v2\/pages\/491\/revisions\/2078"}],"wp:attachment":[{"href":"https:\/\/sucolo.eu\/sv\/wp-json\/wp\/v2\/media?parent=491"}],"curies":[{"name":"wp","href":"https:\/\/api.w.org\/{rel}","templated":true}]}}